{"id":33456,"date":"2019-11-14T16:58:39","date_gmt":"2019-11-14T15:58:39","guid":{"rendered":"https:\/\/www.niled.eu\/contact-2-copy\/"},"modified":"2019-11-15T13:59:29","modified_gmt":"2019-11-15T12:59:29","slug":"contact-2-copy","status":"publish","type":"page","link":"https:\/\/www.niled.eu\/en\/contact-2-copy\/","title":{"rendered":"Contact us"},"content":{"rendered":"<p>[et_pb_section fb_built=&#8221;1&#8243; fullwidth=&#8221;on&#8221; _builder_version=&#8221;3.22&#8243; background_image=&#8221;https:\/\/www.niled.eu\/wp-content\/uploads\/2018\/11\/Photo-ent\u00eate-carte-de-visite-en-main-1400&#215;400.jpg&#8221; background_size=&#8221;initial&#8221; custom_margin=&#8221;-10px|0px|20px|0px&#8221; custom_padding=&#8221;0px|0px|0px|0px&#8221; animation_direction=&#8221;top&#8221; fb_built=&#8221;1&#8243; _i=&#8221;0&#8243; _address=&#8221;0&#8243;][et_pb_fullwidth_header title=&#8221; Contact us  &#8221; text_orientation=&#8221;center&#8221; _builder_version=&#8221;3.29.3&#8243; title_level=&#8221;h3&#8243; title_font=&#8221;|600|||||||&#8221; title_text_align=&#8221;right&#8221; title_text_color=&#8221;#ffffff&#8221; title_font_size=&#8221;45px&#8221; content_font=&#8221;||||||||&#8221; content_text_color=&#8221;#ffffff&#8221; subhead_font=&#8221;||||||||&#8221; subhead_font_size=&#8221;29px&#8221; subhead_line_height=&#8221;1.8em&#8221; background_color=&#8221;rgba(255, 255, 255, 0)&#8221; _i=&#8221;0&#8243; _address=&#8221;0.0&#8243; button_one_text_size__hover_enabled=&#8221;off&#8221; button_two_text_size__hover_enabled=&#8221;off&#8221; button_one_text_color__hover_enabled=&#8221;off&#8221; button_two_text_color__hover_enabled=&#8221;off&#8221; button_one_border_width__hover_enabled=&#8221;off&#8221; button_two_border_width__hover_enabled=&#8221;off&#8221; button_one_border_color__hover_enabled=&#8221;off&#8221; button_two_border_color__hover_enabled=&#8221;off&#8221; button_one_border_radius__hover_enabled=&#8221;off&#8221; button_two_border_radius__hover_enabled=&#8221;off&#8221; button_one_letter_spacing__hover_enabled=&#8221;off&#8221; button_two_letter_spacing__hover_enabled=&#8221;off&#8221; button_one_bg_color__hover_enabled=&#8221;off&#8221; button_two_bg_color__hover_enabled=&#8221;off&#8221;][\/et_pb_fullwidth_header][\/et_pb_section][et_pb_section fb_built=&#8221;1&#8243; specialty=&#8221;on&#8221; parallax_method_1=&#8221;off&#8221; parallax_method_2=&#8221;off&#8221; _builder_version=&#8221;3.22&#8243; background_color=&#8221;#ffffff&#8221; custom_margin=&#8221;-20px|||&#8221; custom_padding=&#8221;0px||0px|&#8221; custom_padding_tablet=&#8221;107px||166px|&#8221; transparent_background=&#8221;off&#8221; fb_built=&#8221;1&#8243; _i=&#8221;1&#8243; _address=&#8221;1&#8243;][et_pb_column type=&#8221;1_2&#8243; specialty_columns=&#8221;2&#8243; _builder_version=&#8221;3.25&#8243; custom_padding=&#8221;|||&#8221; _i=&#8221;0&#8243; _address=&#8221;1.0&#8243; custom_padding__hover=&#8221;|||&#8221;][et_pb_row_inner use_custom_gutter=&#8221;on&#8221; gutter_width=&#8221;4&#8243; column_padding_mobile=&#8221;on&#8221; admin_label=&#8221;Row&#8221; _builder_version=&#8221;3.25&#8243; custom_padding=&#8221;26.83001708984375px|0px|29.69px|0px|false|false&#8221; _i=&#8221;0&#8243; _address=&#8221;1.0.0&#8243;][et_pb_column_inner saved_specialty_column_type=&#8221;1_2&#8243; _builder_version=&#8221;3.25&#8243; custom_padding=&#8221;|||&#8221; column_padding_mobile=&#8221;on&#8221; _i=&#8221;0&#8243; _address=&#8221;1.0.0.0&#8243; custom_padding__hover=&#8221;|||&#8221;][et_pb_text admin_label=&#8221;Text&#8221; _builder_version=&#8221;3.27.4&#8243; text_font=&#8221;|300|||||||&#8221; text_text_color=&#8221;#202020&#8243; text_font_size=&#8221;36&#8243; background_size=&#8221;initial&#8221; background_position=&#8221;top_left&#8221; background_repeat=&#8221;repeat&#8221; max_width=&#8221;480px&#8221; module_alignment=&#8221;left&#8221; inline_fonts=&#8221;Roboto&#8221; _i=&#8221;0&#8243; _address=&#8221;1.0.0.0.0&#8243;]<\/p>\n<p class=\"p1\"><span style=\"font-size: large;\"><span style=\"font-family: Roboto;\">Please,\u00a0precise your name, contact info and your enquiry.\u00a0 <\/span><\/span><span style=\"font-size: large;\"><span style=\"font-family: Roboto;\">We will endeavour to respond to your enquiry as quickly as possible.\u00a0 <\/span><span style=\"font-family: Roboto;\">NILED team.<\/span><\/span><\/p>\n<p>[\/et_pb_text][\/et_pb_column_inner][\/et_pb_row_inner][et_pb_row_inner column_structure=&#8221;1_2,1_2&#8243; use_custom_gutter=&#8221;on&#8221; gutter_width=&#8221;1&#8243; column_padding_mobile=&#8221;on&#8221; admin_label=&#8221;Row&#8221; _builder_version=&#8221;3.29.3&#8243; custom_padding=&#8221;31px||29px|&#8221; hover_enabled=&#8221;0&#8243; _i=&#8221;1&#8243; _address=&#8221;1.0.1&#8243; custom_margin=&#8221;5px||5px||false|false&#8221;][et_pb_column_inner type=&#8221;1_2&#8243; saved_specialty_column_type=&#8221;1_2&#8243; _builder_version=&#8221;3.25&#8243; custom_padding=&#8221;|||&#8221; column_padding_mobile=&#8221;on&#8221; _i=&#8221;0&#8243; _address=&#8221;1.0.1.0&#8243; custom_padding__hover=&#8221;|||&#8221;][et_pb_text _builder_version=&#8221;3.27.4&#8243; text_font=&#8221;|600|||||||&#8221; text_text_color=&#8221;#000000&#8243; text_font_size=&#8221;18px&#8221; text_line_height=&#8221;1.2em&#8221; custom_padding=&#8221;||15px|&#8221; _i=&#8221;0&#8243; _address=&#8221;1.0.1.0.0&#8243;]<\/p>\n<p>e-mail address<\/p>\n<p>[\/et_pb_text][et_pb_text _builder_version=&#8221;3.27.4&#8243; text_font=&#8221;|300|||||||&#8221; text_font_size=&#8221;19px&#8221; _i=&#8221;1&#8243; _address=&#8221;1.0.1.0.1&#8243;]<\/p>\n<p>contact@niled.fr<\/p>\n<p>[\/et_pb_text][\/et_pb_column_inner][et_pb_column_inner type=&#8221;1_2&#8243; saved_specialty_column_type=&#8221;1_2&#8243; _builder_version=&#8221;3.25&#8243; custom_padding=&#8221;|||&#8221; column_padding_mobile=&#8221;on&#8221; _i=&#8221;1&#8243; _address=&#8221;1.0.1.1&#8243; custom_padding__hover=&#8221;|||&#8221;][et_pb_text _builder_version=&#8221;3.27.4&#8243; text_font=&#8221;|600|||||||&#8221; text_text_color=&#8221;#000000&#8243; text_font_size=&#8221;18px&#8221; custom_padding=&#8221;||15px|&#8221; _i=&#8221;0&#8243; _address=&#8221;1.0.1.1.0&#8243;]<\/p>\n<p>Postal address<\/p>\n<p>[\/et_pb_text][et_pb_text _builder_version=&#8221;3.27.4&#8243; text_font=&#8221;|300|||||||&#8221; text_font_size=&#8221;19px&#8221; text_line_height=&#8221;1em&#8221; _i=&#8221;1&#8243; _address=&#8221;1.0.1.1.1&#8243;]<\/p>\n<p>38 quai de l&#8217;Oise,\u00a0<\/p>\n<p>BP 30008<\/p>\n<p>60871 RIEUX Cedex<\/p>\n<p>[\/et_pb_text][\/et_pb_column_inner][\/et_pb_row_inner][\/et_pb_column][et_pb_column type=&#8221;1_2&#8243; _builder_version=&#8221;3.25&#8243; custom_padding=&#8221;|||&#8221; _i=&#8221;1&#8243; _address=&#8221;1.1&#8243; custom_padding__hover=&#8221;|||&#8221;][et_pb_code _i=&#8221;0&#8243; _address=&#8221;1.1.0&#8243;][contact-form-7 id=&#8221;25874&#8243; title=&#8221;Formulaire de contact 1&#8243;][\/et_pb_code][\/et_pb_column][\/et_pb_section][et_pb_section fb_built=&#8221;1&#8243; _builder_version=&#8221;3.22&#8243; background_color=&#8221;#0f0f0f&#8221; custom_padding=&#8221;0px||0px|&#8221; transparent_background=&#8221;off&#8221; padding_mobile=&#8221;on&#8221; fb_built=&#8221;1&#8243; _i=&#8221;2&#8243; _address=&#8221;2&#8243;][et_pb_row column_structure=&#8221;1_3,1_3,1_3&#8243; use_custom_gutter=&#8221;on&#8221; gutter_width=&#8221;2&#8243; column_padding_mobile=&#8221;on&#8221; admin_label=&#8221;Row&#8221; _builder_version=&#8221;3.25&#8243; background_size=&#8221;initial&#8221; background_position=&#8221;top_left&#8221; background_repeat=&#8221;repeat&#8221; custom_padding=&#8221;5.5px||50px||false|false&#8221; _i=&#8221;0&#8243; _address=&#8221;2.0&#8243;][et_pb_column type=&#8221;1_3&#8243; _builder_version=&#8221;3.25&#8243; custom_padding=&#8221;|||&#8221; _i=&#8221;0&#8243; _address=&#8221;2.0.0&#8243; custom_padding__hover=&#8221;|||&#8221;][et_pb_text admin_label=&#8221;Text&#8221; _builder_version=&#8221;3.27.4&#8243; text_font=&#8221;Source Sans Pro|on|||&#8221; text_text_color=&#8221;#666666&#8243; text_font_size=&#8221;18&#8243; text_line_height=&#8221;1.4em&#8221; custom_margin=&#8221;||8px|&#8221; _i=&#8221;0&#8243; _address=&#8221;2.0.0.0&#8243;]<\/p>\n<p>Firm<\/p>\n<p>[\/et_pb_text][et_pb_text admin_label=&#8221;Text&#8221; _builder_version=&#8221;3.27.4&#8243; text_font=&#8221;Source Sans Pro||||&#8221; text_text_color=&#8221;#ffffff&#8221; text_font_size=&#8221;18&#8243; text_line_height=&#8221;2.2em&#8221; custom_padding=&#8221;0px|||&#8221; _i=&#8221;1&#8243; _address=&#8221;2.0.0.1&#8243;]<\/p>\n<p><span style=\"color: #ffffff;\"><a style=\"color: #ffffff;\" href=\"https:\/\/www.niled.eu\/les-gammes\/\">Products<\/a><\/span><br \/><span style=\"color: #ffffff;\"><a style=\"color: #ffffff;\" href=\"https:\/\/www.niled.eu\/lentreprise\/#notresavoirfaire\">The firm know-how<\/a><\/span><br \/><span style=\"color: #ffffff;\"><a style=\"color: #ffffff;\" href=\"https:\/\/www.niled.eu\/nous-rejoindre\/\">Recrutement<\/a><\/span><br \/><span style=\"color: #ffffff;\"><a style=\"color: #ffffff;\" href=\"http:\/\/www.niled.fr\/catalogue\/\">Catalogue<\/a><\/span><br \/><span style=\"color: #ffffff;\"><a style=\"color: #ffffff;\" href=\"https:\/\/www.niled.eu\/contact\/\">Contact<\/a><\/span><\/p>\n<p>[\/et_pb_text][\/et_pb_column][et_pb_column type=&#8221;1_3&#8243; _builder_version=&#8221;3.25&#8243; custom_padding=&#8221;|||&#8221; _i=&#8221;1&#8243; _address=&#8221;2.0.1&#8243; custom_padding__hover=&#8221;|||&#8221;][et_pb_text admin_label=&#8221;Text&#8221; _builder_version=&#8221;3.27.4&#8243; text_font=&#8221;Source Sans Pro|on|||&#8221; text_text_color=&#8221;#666666&#8243; text_font_size=&#8221;18&#8243; text_line_height=&#8221;1.4em&#8221; header_font=&#8221;||||||||&#8221; custom_margin=&#8221;||8px|&#8221; _i=&#8221;0&#8243; _address=&#8221;2.0.1.0&#8243;]<\/p>\n<p>Legal notices<\/p>\n<p>[\/et_pb_text][et_pb_text admin_label=&#8221;Text&#8221; _builder_version=&#8221;3.27.4&#8243; text_font=&#8221;Source Sans Pro||||&#8221; text_text_color=&#8221;#ffffff&#8221; text_font_size=&#8221;18&#8243; text_line_height=&#8221;2.2em&#8221; custom_padding=&#8221;0px|||&#8221; _i=&#8221;1&#8243; _address=&#8221;2.0.1.1&#8243;]<\/p>\n<p><span style=\"color: rgb(255, 255, 255);\"><a style=\"color: rgb(255, 255, 255);\" href=\"#\">Legal statement<\/a><\/span><br \/><span style=\"color: rgb(255, 255, 255);\"><a style=\"color: rgb(255, 255, 255);\" href=\"#\">Sales conditions<\/a><\/span><\/p>\n<p>[\/et_pb_text][et_pb_image src=&#8221;https:\/\/www.niled.eu\/wp-content\/uploads\/2017\/12\/Picto-noir-sur-blanc-monteur-en-haut-de-poteau-x222.jpg&#8221; align_tablet=&#8221;center&#8221; align_last_edited=&#8221;on|desktop&#8221; _builder_version=&#8221;3.23&#8243; max_width=&#8221;180px&#8221; module_alignment=&#8221;left&#8221; _i=&#8221;2&#8243; _address=&#8221;2.0.1.2&#8243;][\/et_pb_image][\/et_pb_column][et_pb_column type=&#8221;1_3&#8243; _builder_version=&#8221;3.25&#8243; custom_padding=&#8221;|||&#8221; _i=&#8221;2&#8243; _address=&#8221;2.0.2&#8243; custom_padding__hover=&#8221;|||&#8221;][et_pb_text admin_label=&#8221;Text&#8221; _builder_version=&#8221;3.27.4&#8243; text_font=&#8221;Source Sans Pro|on|||&#8221; text_text_color=&#8221;#666666&#8243; text_font_size=&#8221;18&#8243; text_line_height=&#8221;1.4em&#8221; custom_margin=&#8221;||24px|&#8221; _i=&#8221;0&#8243; _address=&#8221;2.0.2.0&#8243;]<\/p>\n<p>Location map<\/p>\n<p>[\/et_pb_text][et_pb_map address=&#8221;38 Quai de l&#8217;Oise, 60870 Rieux, France&#8221; zoom_level=&#8221;19&#8243; address_lat=&#8221;49.29378&#8243; address_lng=&#8221;2.5131927&#8243; admin_label=&#8221;Map&#8221; _builder_version=&#8221;3.0.92&#8243; _i=&#8221;1&#8243; _address=&#8221;2.0.2.1&#8243;][et_pb_map_pin _builder_version=&#8221;3.0.92&#8243; _i=&#8221;0&#8243; _address=&#8221;2.0.2.1.0&#8243;][\/et_pb_map_pin][\/et_pb_map][\/et_pb_column][\/et_pb_row][\/et_pb_section]<\/p>\n","protected":false},"excerpt":{"rendered":"<p>[et_pb_section fb_built=&#8221;1&#8243; fullwidth=&#8221;on&#8221; _builder_version=&#8221;3.22&#8243; background_image=&#8221;https:\/\/www.niled.eu\/wp-content\/uploads\/2018\/11\/Photo-ent\u00eate-carte-de-visite-en-main-1400&#215;400.jpg&#8221; background_size=&#8221;initial&#8221; custom_margin=&#8221;-10px|0px|20px|0px&#8221; custom_padding=&#8221;0px|0px|0px|0px&#8221; animation_direction=&#8221;top&#8221; fb_built=&#8221;1&#8243; _i=&#8221;0&#8243; _address=&#8221;0&#8243;][et_pb_fullwidth_header title=&#8221; Contact us &#8221; text_orientation=&#8221;center&#8221; _builder_version=&#8221;3.29.3&#8243; title_level=&#8221;h3&#8243; title_font=&#8221;|600|||||||&#8221; title_text_align=&#8221;right&#8221; title_text_color=&#8221;#ffffff&#8221; title_font_size=&#8221;45px&#8221; content_font=&#8221;||||||||&#8221; content_text_color=&#8221;#ffffff&#8221; subhead_font=&#8221;||||||||&#8221; subhead_font_size=&#8221;29px&#8221; subhead_line_height=&#8221;1.8em&#8221; background_color=&#8221;rgba(255, 255, 255, 0)&#8221; _i=&#8221;0&#8243; _address=&#8221;0.0&#8243; button_one_text_size__hover_enabled=&#8221;off&#8221; button_two_text_size__hover_enabled=&#8221;off&#8221; button_one_text_color__hover_enabled=&#8221;off&#8221; button_two_text_color__hover_enabled=&#8221;off&#8221; button_one_border_width__hover_enabled=&#8221;off&#8221; button_two_border_width__hover_enabled=&#8221;off&#8221; button_one_border_color__hover_enabled=&#8221;off&#8221; button_two_border_color__hover_enabled=&#8221;off&#8221; button_one_border_radius__hover_enabled=&#8221;off&#8221; button_two_border_radius__hover_enabled=&#8221;off&#8221; button_one_letter_spacing__hover_enabled=&#8221;off&#8221; button_two_letter_spacing__hover_enabled=&#8221;off&#8221; button_one_bg_color__hover_enabled=&#8221;off&#8221; button_two_bg_color__hover_enabled=&#8221;off&#8221;][\/et_pb_fullwidth_header][\/et_pb_section][et_pb_section fb_built=&#8221;1&#8243; specialty=&#8221;on&#8221; parallax_method_1=&#8221;off&#8221; parallax_method_2=&#8221;off&#8221; _builder_version=&#8221;3.22&#8243; background_color=&#8221;#ffffff&#8221; custom_margin=&#8221;-20px|||&#8221; [&hellip;]<\/p>\n","protected":false},"author":2,"featured_media":0,"parent":0,"menu_order":0,"comment_status":"closed","ping_status":"closed","template":"","meta":{"_et_pb_use_builder":"on","_et_pb_old_content":"","_et_gb_content_width":"","footnotes":""},"yoast_head":"<!-- This site is optimized with the Yoast SEO plugin v23.5 - https:\/\/yoast.com\/wordpress\/plugins\/seo\/ -->\n<title>Contact us - Niled<\/title>\n<meta name=\"robots\" content=\"index, follow, max-snippet:-1, max-image-preview:large, max-video-preview:-1\" \/>\n<link rel=\"canonical\" href=\"https:\/\/www.niled.eu\/en\/contact-2-copy\/\" \/>\n<meta property=\"og:locale\" content=\"en_GB\" \/>\n<meta property=\"og:type\" content=\"article\" \/>\n<meta property=\"og:title\" content=\"Contact us - Niled\" \/>\n<meta property=\"og:description\" content=\"[et_pb_section fb_built=&#8221;1&#8243; fullwidth=&#8221;on&#8221; _builder_version=&#8221;3.22&#8243; background_image=&#8221;https:\/\/www.niled.eu\/wp-content\/uploads\/2018\/11\/Photo-ent\u00eate-carte-de-visite-en-main-1400&#215;400.jpg&#8221; background_size=&#8221;initial&#8221; custom_margin=&#8221;-10px|0px|20px|0px&#8221; custom_padding=&#8221;0px|0px|0px|0px&#8221; animation_direction=&#8221;top&#8221; fb_built=&#8221;1&#8243; _i=&#8221;0&#8243; _address=&#8221;0&#8243;][et_pb_fullwidth_header title=&#8221; Contact us &#8221; text_orientation=&#8221;center&#8221; _builder_version=&#8221;3.29.3&#8243; title_level=&#8221;h3&#8243; title_font=&#8221;|600|||||||&#8221; title_text_align=&#8221;right&#8221; title_text_color=&#8221;#ffffff&#8221; title_font_size=&#8221;45px&#8221; content_font=&#8221;||||||||&#8221; content_text_color=&#8221;#ffffff&#8221; subhead_font=&#8221;||||||||&#8221; subhead_font_size=&#8221;29px&#8221; subhead_line_height=&#8221;1.8em&#8221; background_color=&#8221;rgba(255, 255, 255, 0)&#8221; _i=&#8221;0&#8243; _address=&#8221;0.0&#8243; button_one_text_size__hover_enabled=&#8221;off&#8221; button_two_text_size__hover_enabled=&#8221;off&#8221; button_one_text_color__hover_enabled=&#8221;off&#8221; button_two_text_color__hover_enabled=&#8221;off&#8221; button_one_border_width__hover_enabled=&#8221;off&#8221; button_two_border_width__hover_enabled=&#8221;off&#8221; button_one_border_color__hover_enabled=&#8221;off&#8221; button_two_border_color__hover_enabled=&#8221;off&#8221; button_one_border_radius__hover_enabled=&#8221;off&#8221; button_two_border_radius__hover_enabled=&#8221;off&#8221; button_one_letter_spacing__hover_enabled=&#8221;off&#8221; button_two_letter_spacing__hover_enabled=&#8221;off&#8221; button_one_bg_color__hover_enabled=&#8221;off&#8221; button_two_bg_color__hover_enabled=&#8221;off&#8221;][\/et_pb_fullwidth_header][\/et_pb_section][et_pb_section fb_built=&#8221;1&#8243; specialty=&#8221;on&#8221; parallax_method_1=&#8221;off&#8221; parallax_method_2=&#8221;off&#8221; _builder_version=&#8221;3.22&#8243; background_color=&#8221;#ffffff&#8221; custom_margin=&#8221;-20px|||&#8221; [&hellip;]\" \/>\n<meta property=\"og:url\" content=\"https:\/\/www.niled.eu\/en\/contact-2-copy\/\" \/>\n<meta property=\"og:site_name\" content=\"Niled\" \/>\n<meta property=\"article:modified_time\" content=\"2019-11-15T12:59:29+00:00\" \/>\n<meta name=\"twitter:card\" content=\"summary_large_image\" \/>\n<meta name=\"twitter:label1\" content=\"Estimated reading time\" \/>\n\t<meta name=\"twitter:data1\" content=\"5 minutes\" \/>\n<script type=\"application\/ld+json\" class=\"yoast-schema-graph\">{\"@context\":\"https:\/\/schema.org\",\"@graph\":[{\"@type\":\"WebPage\",\"@id\":\"https:\/\/www.niled.eu\/en\/contact-2-copy\/\",\"url\":\"https:\/\/www.niled.eu\/en\/contact-2-copy\/\",\"name\":\"Contact us - Niled\",\"isPartOf\":{\"@id\":\"https:\/\/www.niled.eu\/en\/#website\"},\"datePublished\":\"2019-11-14T15:58:39+00:00\",\"dateModified\":\"2019-11-15T12:59:29+00:00\",\"breadcrumb\":{\"@id\":\"https:\/\/www.niled.eu\/en\/contact-2-copy\/#breadcrumb\"},\"inLanguage\":\"en-GB\",\"potentialAction\":[{\"@type\":\"ReadAction\",\"target\":[\"https:\/\/www.niled.eu\/en\/contact-2-copy\/\"]}]},{\"@type\":\"BreadcrumbList\",\"@id\":\"https:\/\/www.niled.eu\/en\/contact-2-copy\/#breadcrumb\",\"itemListElement\":[{\"@type\":\"ListItem\",\"position\":1,\"name\":\"Accueil\",\"item\":\"https:\/\/www.niled.eu\/en\/\"},{\"@type\":\"ListItem\",\"position\":2,\"name\":\"Contact us\"}]},{\"@type\":\"WebSite\",\"@id\":\"https:\/\/www.niled.eu\/en\/#website\",\"url\":\"https:\/\/www.niled.eu\/en\/\",\"name\":\"Niled\",\"description\":\"Fabricant de mat\u00e9riels pour r\u00e9seaux \u00e9lectriques\",\"publisher\":{\"@id\":\"https:\/\/www.niled.eu\/en\/#organization\"},\"potentialAction\":[{\"@type\":\"SearchAction\",\"target\":{\"@type\":\"EntryPoint\",\"urlTemplate\":\"https:\/\/www.niled.eu\/en\/?s={search_term_string}\"},\"query-input\":{\"@type\":\"PropertyValueSpecification\",\"valueRequired\":true,\"valueName\":\"search_term_string\"}}],\"inLanguage\":\"en-GB\"},{\"@type\":\"Organization\",\"@id\":\"https:\/\/www.niled.eu\/en\/#organization\",\"name\":\"NILED\",\"url\":\"https:\/\/www.niled.eu\/en\/\",\"logo\":{\"@type\":\"ImageObject\",\"inLanguage\":\"en-GB\",\"@id\":\"https:\/\/www.niled.eu\/en\/#\/schema\/logo\/image\/\",\"url\":\"https:\/\/www.niled.eu\/wp-content\/uploads\/2017\/10\/logoNILED-02.png\",\"contentUrl\":\"https:\/\/www.niled.eu\/wp-content\/uploads\/2017\/10\/logoNILED-02.png\",\"width\":1627,\"height\":532,\"caption\":\"NILED\"},\"image\":{\"@id\":\"https:\/\/www.niled.eu\/en\/#\/schema\/logo\/image\/\"}}]}<\/script>\n<!-- \/ Yoast SEO plugin. -->","yoast_head_json":{"title":"Contact us - Niled","robots":{"index":"index","follow":"follow","max-snippet":"max-snippet:-1","max-image-preview":"max-image-preview:large","max-video-preview":"max-video-preview:-1"},"canonical":"https:\/\/www.niled.eu\/en\/contact-2-copy\/","og_locale":"en_GB","og_type":"article","og_title":"Contact us - Niled","og_description":"[et_pb_section fb_built=&#8221;1&#8243; fullwidth=&#8221;on&#8221; _builder_version=&#8221;3.22&#8243; background_image=&#8221;https:\/\/www.niled.eu\/wp-content\/uploads\/2018\/11\/Photo-ent\u00eate-carte-de-visite-en-main-1400&#215;400.jpg&#8221; background_size=&#8221;initial&#8221; custom_margin=&#8221;-10px|0px|20px|0px&#8221; custom_padding=&#8221;0px|0px|0px|0px&#8221; animation_direction=&#8221;top&#8221; fb_built=&#8221;1&#8243; _i=&#8221;0&#8243; _address=&#8221;0&#8243;][et_pb_fullwidth_header title=&#8221; Contact us &#8221; text_orientation=&#8221;center&#8221; _builder_version=&#8221;3.29.3&#8243; title_level=&#8221;h3&#8243; title_font=&#8221;|600|||||||&#8221; title_text_align=&#8221;right&#8221; title_text_color=&#8221;#ffffff&#8221; title_font_size=&#8221;45px&#8221; content_font=&#8221;||||||||&#8221; content_text_color=&#8221;#ffffff&#8221; subhead_font=&#8221;||||||||&#8221; subhead_font_size=&#8221;29px&#8221; subhead_line_height=&#8221;1.8em&#8221; background_color=&#8221;rgba(255, 255, 255, 0)&#8221; _i=&#8221;0&#8243; _address=&#8221;0.0&#8243; button_one_text_size__hover_enabled=&#8221;off&#8221; button_two_text_size__hover_enabled=&#8221;off&#8221; button_one_text_color__hover_enabled=&#8221;off&#8221; button_two_text_color__hover_enabled=&#8221;off&#8221; button_one_border_width__hover_enabled=&#8221;off&#8221; button_two_border_width__hover_enabled=&#8221;off&#8221; button_one_border_color__hover_enabled=&#8221;off&#8221; button_two_border_color__hover_enabled=&#8221;off&#8221; button_one_border_radius__hover_enabled=&#8221;off&#8221; button_two_border_radius__hover_enabled=&#8221;off&#8221; button_one_letter_spacing__hover_enabled=&#8221;off&#8221; button_two_letter_spacing__hover_enabled=&#8221;off&#8221; button_one_bg_color__hover_enabled=&#8221;off&#8221; button_two_bg_color__hover_enabled=&#8221;off&#8221;][\/et_pb_fullwidth_header][\/et_pb_section][et_pb_section fb_built=&#8221;1&#8243; specialty=&#8221;on&#8221; parallax_method_1=&#8221;off&#8221; parallax_method_2=&#8221;off&#8221; _builder_version=&#8221;3.22&#8243; background_color=&#8221;#ffffff&#8221; custom_margin=&#8221;-20px|||&#8221; [&hellip;]","og_url":"https:\/\/www.niled.eu\/en\/contact-2-copy\/","og_site_name":"Niled","article_modified_time":"2019-11-15T12:59:29+00:00","twitter_card":"summary_large_image","twitter_misc":{"Estimated reading time":"5 minutes"},"schema":{"@context":"https:\/\/schema.org","@graph":[{"@type":"WebPage","@id":"https:\/\/www.niled.eu\/en\/contact-2-copy\/","url":"https:\/\/www.niled.eu\/en\/contact-2-copy\/","name":"Contact us - Niled","isPartOf":{"@id":"https:\/\/www.niled.eu\/en\/#website"},"datePublished":"2019-11-14T15:58:39+00:00","dateModified":"2019-11-15T12:59:29+00:00","breadcrumb":{"@id":"https:\/\/www.niled.eu\/en\/contact-2-copy\/#breadcrumb"},"inLanguage":"en-GB","potentialAction":[{"@type":"ReadAction","target":["https:\/\/www.niled.eu\/en\/contact-2-copy\/"]}]},{"@type":"BreadcrumbList","@id":"https:\/\/www.niled.eu\/en\/contact-2-copy\/#breadcrumb","itemListElement":[{"@type":"ListItem","position":1,"name":"Accueil","item":"https:\/\/www.niled.eu\/en\/"},{"@type":"ListItem","position":2,"name":"Contact us"}]},{"@type":"WebSite","@id":"https:\/\/www.niled.eu\/en\/#website","url":"https:\/\/www.niled.eu\/en\/","name":"Niled","description":"Fabricant de mat\u00e9riels pour r\u00e9seaux \u00e9lectriques","publisher":{"@id":"https:\/\/www.niled.eu\/en\/#organization"},"potentialAction":[{"@type":"SearchAction","target":{"@type":"EntryPoint","urlTemplate":"https:\/\/www.niled.eu\/en\/?s={search_term_string}"},"query-input":{"@type":"PropertyValueSpecification","valueRequired":true,"valueName":"search_term_string"}}],"inLanguage":"en-GB"},{"@type":"Organization","@id":"https:\/\/www.niled.eu\/en\/#organization","name":"NILED","url":"https:\/\/www.niled.eu\/en\/","logo":{"@type":"ImageObject","inLanguage":"en-GB","@id":"https:\/\/www.niled.eu\/en\/#\/schema\/logo\/image\/","url":"https:\/\/www.niled.eu\/wp-content\/uploads\/2017\/10\/logoNILED-02.png","contentUrl":"https:\/\/www.niled.eu\/wp-content\/uploads\/2017\/10\/logoNILED-02.png","width":1627,"height":532,"caption":"NILED"},"image":{"@id":"https:\/\/www.niled.eu\/en\/#\/schema\/logo\/image\/"}}]}},"jetpack_sharing_enabled":true,"_links":{"self":[{"href":"https:\/\/www.niled.eu\/en\/wp-json\/wp\/v2\/pages\/33456"}],"collection":[{"href":"https:\/\/www.niled.eu\/en\/wp-json\/wp\/v2\/pages"}],"about":[{"href":"https:\/\/www.niled.eu\/en\/wp-json\/wp\/v2\/types\/page"}],"author":[{"embeddable":true,"href":"https:\/\/www.niled.eu\/en\/wp-json\/wp\/v2\/users\/2"}],"replies":[{"embeddable":true,"href":"https:\/\/www.niled.eu\/en\/wp-json\/wp\/v2\/comments?post=33456"}],"version-history":[{"count":5,"href":"https:\/\/www.niled.eu\/en\/wp-json\/wp\/v2\/pages\/33456\/revisions"}],"predecessor-version":[{"id":33551,"href":"https:\/\/www.niled.eu\/en\/wp-json\/wp\/v2\/pages\/33456\/revisions\/33551"}],"wp:attachment":[{"href":"https:\/\/www.niled.eu\/en\/wp-json\/wp\/v2\/media?parent=33456"}],"curies":[{"name":"wp","href":"https:\/\/api.w.org\/{rel}","templated":true}]}}