{"id":33263,"date":"2019-11-07T16:18:46","date_gmt":"2019-11-07T15:18:46","guid":{"rendered":"https:\/\/www.niled.eu\/outillage-dinstallation-et-deroulage-des-reseaux-bt\/"},"modified":"2024-10-30T14:04:40","modified_gmt":"2024-10-30T13:04:40","slug":"installation-tools-stringing-devices-tooling-for-overhead-lv-conductors","status":"publish","type":"page","link":"https:\/\/www.niled.eu\/en\/installation-tools-stringing-devices-tooling-for-overhead-lv-conductors\/","title":{"rendered":"Installation and Stringing Accessories"},"content":{"rendered":"<p>[et_pb_section fb_built=&#8221;1&#8243; _builder_version=&#8221;3.29.3&#8243; background_color=&#8221;#282828&#8243; custom_padding=&#8221;0|0px|0px|0px|false|false&#8221;][et_pb_row _builder_version=&#8221;3.25&#8243; custom_padding=&#8221;4.5px|0px|3.339996337890625px|0px|false|false&#8221;][et_pb_column type=&#8221;4_4&#8243; _builder_version=&#8221;3.25&#8243; custom_padding=&#8221;|||&#8221; custom_padding__hover=&#8221;|||&#8221;][et_pb_text _builder_version=&#8221;3.27.4&#8243; text_font=&#8221;||||||||&#8221; text_text_color=&#8221;#000000&#8243; text_font_size=&#8221;17px&#8221; header_font=&#8221;||||||||&#8221; header_text_color=&#8221;#000000&#8243; header_font_size=&#8221;35px&#8221; header_2_font=&#8221;||||||||&#8221; custom_margin=&#8221;-9px|||||&#8221; custom_padding=&#8221;10px||15px|||&#8221;]<\/p>\n<h2 style=\"text-align: center;\"><span style=\"color: #ffffff; font-size: large;\">Installation tools &amp; stringing accessories for insulated conductors<br \/><\/span><\/h2>\n<p>[\/et_pb_text][\/et_pb_column][\/et_pb_row][\/et_pb_section][et_pb_section fb_built=&#8221;1&#8243; _builder_version=&#8221;3.22.3&#8243; background_image=&#8221;https:\/\/www.niled.eu\/wp-content\/uploads\/2018\/05\/Montage-photo-NB-Outillage-H-1.jpeg&#8221; background_position=&#8221;top_center&#8221; custom_margin=&#8221;-22px|||||&#8221; custom_padding=&#8221;20.669998168945312px|0px|14px|0px|false|false&#8221;][et_pb_row column_structure=&#8221;1_3,1_3,1_3&#8243; _builder_version=&#8221;3.25&#8243; custom_padding=&#8221;2.339996337890625px|0px|19.339996337890625px|0px&#8221;][et_pb_column type=&#8221;1_3&#8243; _builder_version=&#8221;3.25&#8243; custom_padding=&#8221;|||&#8221; custom_padding__hover=&#8221;|||&#8221;][et_pb_image src=&#8221;https:\/\/www.niled.eu\/wp-content\/uploads\/2018\/05\/Gamme-coupes-c\u00e2bles-550&#215;330.jpg&#8221; url=&#8221;\/?page_id=30428&#8243; align_tablet=&#8221;center&#8221; align_phone=&#8221;&#8221; align_last_edited=&#8221;on|desktop&#8221; _builder_version=&#8221;3.29.3&#8243; max_width=&#8221;92%&#8221; module_alignment=&#8221;center&#8221; border_radii=&#8221;|10px|10px|10px|10px&#8221;][\/et_pb_image][\/et_pb_column][et_pb_column type=&#8221;1_3&#8243; _builder_version=&#8221;3.25&#8243; custom_padding=&#8221;|||&#8221; custom_padding__hover=&#8221;|||&#8221;][et_pb_image src=&#8221;https:\/\/www.niled.eu\/wp-content\/uploads\/2018\/05\/Gamme-presses-\u00e0-sertir-550&#215;330.jpg&#8221; url=&#8221;\/?page_id=30440&#8243; align_tablet=&#8221;center&#8221; align_phone=&#8221;&#8221; align_last_edited=&#8221;on|desktop&#8221; _builder_version=&#8221;3.29.3&#8243; max_width=&#8221;92%&#8221; module_alignment=&#8221;center&#8221; border_radii=&#8221;|10px|10px|10px|10px&#8221;][\/et_pb_image][\/et_pb_column][et_pb_column type=&#8221;1_3&#8243; _builder_version=&#8221;3.25&#8243; custom_padding=&#8221;|||&#8221; custom_padding__hover=&#8221;|||&#8221;][et_pb_image src=&#8221;https:\/\/www.niled.eu\/wp-content\/uploads\/2018\/05\/Gamme-perches-trvx-\u00e0-distance-550&#215;330.jpg&#8221; url=&#8221;http:\/\/www.niled.fr\/catalogue\/perche_coupe_cable_hast\/&#8221; align_tablet=&#8221;center&#8221; align_phone=&#8221;&#8221; align_last_edited=&#8221;on|desktop&#8221; _builder_version=&#8221;4.5.3&#8243; max_width=&#8221;92%&#8221; module_alignment=&#8221;center&#8221; border_radii=&#8221;|10px|10px|10px|10px&#8221;][\/et_pb_image][\/et_pb_column][\/et_pb_row][et_pb_row column_structure=&#8221;1_3,1_3,1_3&#8243; _builder_version=&#8221;3.25&#8243; custom_padding=&#8221;3px|0px|20px|0px&#8221;][et_pb_column type=&#8221;1_3&#8243; _builder_version=&#8221;3.25&#8243; custom_padding=&#8221;|||&#8221; custom_padding__hover=&#8221;|||&#8221;][et_pb_image src=&#8221;https:\/\/www.niled.eu\/wp-content\/uploads\/2018\/05\/Gamme-chaussettes-de-tirage-550&#215;330.jpg&#8221; url=&#8221;https:\/\/www.niled.eu\/en\/installation-tools-stringing-devices-tooling-for-overhead-lv-conductors\/cable-pulling-grips\/&#8221; align_tablet=&#8221;center&#8221; align_phone=&#8221;&#8221; align_last_edited=&#8221;on|desktop&#8221; _builder_version=&#8221;4.0.9&#8243; max_width=&#8221;92%&#8221; module_alignment=&#8221;center&#8221; border_radii=&#8221;|10px|10px|10px|10px&#8221;][\/et_pb_image][\/et_pb_column][et_pb_column type=&#8221;1_3&#8243; _builder_version=&#8221;3.25&#8243; custom_padding=&#8221;|||&#8221; custom_padding__hover=&#8221;|||&#8221;][et_pb_image src=&#8221;https:\/\/www.niled.eu\/wp-content\/uploads\/2018\/05\/Gamme-poulies-serres-cable-550&#215;330.jpg&#8221; url=&#8221;http:\/\/www.niled.fr\/catalogue\/poulie_de_deroulage_cables_aeriens_RT1&#8243; align_tablet=&#8221;center&#8221; align_phone=&#8221;&#8221; align_last_edited=&#8221;on|desktop&#8221; _builder_version=&#8221;4.5.3&#8243; max_width=&#8221;92%&#8221; module_alignment=&#8221;center&#8221; border_radii=&#8221;|10px|10px|10px|10px&#8221;][\/et_pb_image][\/et_pb_column][et_pb_column type=&#8221;1_3&#8243; _builder_version=&#8221;3.25&#8243; custom_padding=&#8221;|||&#8221; custom_padding__hover=&#8221;|||&#8221;][et_pb_image src=&#8221;https:\/\/www.niled.eu\/wp-content\/uploads\/2018\/06\/Gamme-treuil-dynam-galet-d\u00e9roul-550&#215;330.jpg&#8221; url=&#8221;https:\/\/www.niled.fr\/catalogue\/galets_de_deroulage_de_cables\/&#8221; align_tablet=&#8221;center&#8221; align_phone=&#8221;&#8221; align_last_edited=&#8221;on|desktop&#8221; _builder_version=&#8221;4.5.3&#8243; max_width=&#8221;92%&#8221; module_alignment=&#8221;center&#8221; hover_enabled=&#8221;0&#8243; border_radii=&#8221;|10px|10px|10px|10px&#8221;][\/et_pb_image][\/et_pb_column][\/et_pb_row][et_pb_row column_structure=&#8221;1_3,1_3,1_3&#8243; _builder_version=&#8221;3.25&#8243; custom_padding=&#8221;3px|0px|20px|0px&#8221;][et_pb_column type=&#8221;1_3&#8243; _builder_version=&#8221;3.25&#8243; custom_padding=&#8221;|||&#8221; custom_padding__hover=&#8221;|||&#8221;][et_pb_image src=&#8221;https:\/\/www.niled.eu\/wp-content\/uploads\/2018\/06\/Gamme-aiguille-tirefils-550&#215;330.jpg&#8221; url=&#8221;https:\/\/www.niled.fr\/catalogue\/aiguille_de_tirage_et_tire_cables&#8221; align_tablet=&#8221;center&#8221; align_phone=&#8221;&#8221; align_last_edited=&#8221;on|desktop&#8221; _builder_version=&#8221;4.5.3&#8243; max_width=&#8221;92%&#8221; module_alignment=&#8221;center&#8221; hover_enabled=&#8221;0&#8243; border_radii=&#8221;|10px|10px|10px|10px&#8221;][\/et_pb_image][\/et_pb_column][et_pb_column type=&#8221;1_3&#8243; _builder_version=&#8221;3.25&#8243; custom_padding=&#8221;|||&#8221; custom_padding__hover=&#8221;|||&#8221;][et_pb_image src=&#8221;https:\/\/www.niled.eu\/wp-content\/uploads\/2018\/06\/Gamme-outils-feuillard-rilsan-550&#215;330.jpg&#8221; url=&#8221;https:\/\/www.niled.fr\/catalogue\/graisse_neutre_T200_cercleur_feuillard_outillage\/&#8221; align_tablet=&#8221;center&#8221; align_phone=&#8221;&#8221; align_last_edited=&#8221;on|desktop&#8221; _builder_version=&#8221;4.5.3&#8243; max_width=&#8221;92%&#8221; module_alignment=&#8221;center&#8221; hover_enabled=&#8221;0&#8243; border_radii=&#8221;|10px|10px|10px|10px&#8221;][\/et_pb_image][\/et_pb_column][et_pb_column type=&#8221;1_3&#8243; _builder_version=&#8221;3.25&#8243; custom_padding=&#8221;|||&#8221; custom_padding__hover=&#8221;|||&#8221;][et_pb_image src=&#8221;https:\/\/www.niled.eu\/wp-content\/uploads\/2018\/06\/Gamme-outils-install-connecteurs-550&#215;330.jpg&#8221; url=&#8221;https:\/\/www.niled.fr\/catalogue\/cle_de_serrage_ecarteur_de_phase_brosse_BC&#8221; align_tablet=&#8221;center&#8221; align_phone=&#8221;&#8221; align_last_edited=&#8221;on|desktop&#8221; _builder_version=&#8221;4.5.3&#8243; max_width=&#8221;92%&#8221; module_alignment=&#8221;center&#8221; hover_enabled=&#8221;0&#8243; border_radii=&#8221;|10px|10px|10px|10px&#8221;][\/et_pb_image][\/et_pb_column][\/et_pb_row][\/et_pb_section][et_pb_section fb_built=&#8221;1&#8243; _builder_version=&#8221;3.29.3&#8243; background_color=&#8221;#ffffff&#8221; min_height=&#8221;215px&#8221; custom_margin=&#8221;-1px||||false|false&#8221; custom_padding=&#8221;57px||0px|||&#8221;][et_pb_row _builder_version=&#8221;3.29.3&#8243; custom_margin=&#8221;-54px|auto||auto||&#8221; custom_padding=&#8221;0px||8px|||&#8221;][et_pb_column type=&#8221;4_4&#8243; _builder_version=&#8221;3.29.3&#8243;][et_pb_text _builder_version=&#8221;3.29.3&#8243; text_font=&#8221;|700|||||||&#8221; min_height=&#8221;17px&#8221; custom_margin=&#8221;5px||4px||false|false&#8221; custom_padding=&#8221;0px||18px|||&#8221;]<\/p>\n<h2 style=\"text-align: left;\"><span style=\"font-size: large; color: #d43f05;\">Other product lines:<\/span><\/h2>\n<p>[\/et_pb_text][et_pb_code _builder_version=&#8221;4.0.9&#8243; custom_margin=&#8221;-20px||||false|false&#8221;][\/et_pb_code][\/et_pb_column][\/et_pb_row][\/et_pb_section][et_pb_section fb_built=&#8221;1&#8243; _builder_version=&#8221;3.29.3&#8243; background_color=&#8221;#000200&#8243; custom_margin=&#8221;1px|||||&#8221; custom_padding=&#8221;30px||0px||false|false&#8221; transparent_background=&#8221;off&#8221; padding_mobile=&#8221;on&#8221;][et_pb_row column_structure=&#8221;1_3,1_3,1_3&#8243; use_custom_gutter=&#8221;on&#8221; gutter_width=&#8221;2&#8243; column_padding_mobile=&#8221;on&#8221; _builder_version=&#8221;3.25&#8243; background_size=&#8221;initial&#8221; background_position=&#8221;top_left&#8221; background_repeat=&#8221;repeat&#8221; custom_padding=&#8221;5.5px||50px||false|false&#8221;][et_pb_column type=&#8221;1_3&#8243; _builder_version=&#8221;3.0.47&#8243; custom_padding=&#8221;|||&#8221; custom_padding__hover=&#8221;|||&#8221;][et_pb_text _builder_version=&#8221;3.27.4&#8243; text_font=&#8221;Source Sans Pro|on|||&#8221; text_text_color=&#8221;#666666&#8243; text_font_size=&#8221;18&#8243; text_line_height=&#8221;1.4em&#8221; custom_margin=&#8221;||8px|&#8221;]THE COMPANY[\/et_pb_text][et_pb_text _builder_version=&#8221;3.27.4&#8243; text_font=&#8221;Source Sans Pro||||&#8221; text_text_color=&#8221;#ffffff&#8221; text_font_size=&#8221;18&#8243; text_line_height=&#8221;2.2em&#8221; custom_padding=&#8221;0px|||&#8221;]<span style=\"color: #ffffff;\"><a style=\"color: #ffffff;\" href=\"\/?page_id=25716\">Products<\/a><\/span><br \/>\n<span style=\"color: #ffffff;\"><a style=\"color: #ffffff;\" href=\"https:\/\/www.niled.eu\/en\/company\/#notresavoirfaire\">Know how<\/a><\/span><br \/>\n<span style=\"color: #ffffff;\"><a style=\"color: #ffffff;\" href=\"\/?page_id=51\">Recruitment<\/a><\/span><br \/>\n<span style=\"color: #ffffff;\"><a style=\"color: #ffffff;\" href=\"http:\/\/www.niled.fr\/catalogue\/\">Catalog<\/a><\/span><br \/>\n<span style=\"color: #ffffff;\"><a style=\"color: #ffffff;\" href=\"\/?page_id=47\">Contact<\/a><\/span>[\/et_pb_text][\/et_pb_column][et_pb_column type=&#8221;1_3&#8243; _builder_version=&#8221;3.0.47&#8243; custom_padding=&#8221;|||&#8221; custom_padding__hover=&#8221;|||&#8221;][et_pb_text _builder_version=&#8221;3.27.4&#8243; text_font=&#8221;Source Sans Pro|on|||&#8221; text_text_color=&#8221;#666666&#8243; text_font_size=&#8221;18&#8243; text_line_height=&#8221;1.4em&#8221; custom_margin=&#8221;||8px|&#8221;]ABOUT US[\/et_pb_text][et_pb_text _builder_version=&#8221;3.27.4&#8243; text_font=&#8221;Source Sans Pro||||&#8221; text_text_color=&#8221;#ffffff&#8221; text_font_size=&#8221;18&#8243; text_line_height=&#8221;2.2em&#8221; custom_padding=&#8221;0px|||&#8221; link_option_url=&#8221;https:\/\/www.niled.eu\/wp-content\/uploads\/2018\/01\/Conditions-G\u00e9n\u00e9rales-de-Vente-2017.pdf&#8221; link_option_url_new_window=&#8221;on&#8221;]<span style=\"color: #ffffff;\"><a style=\"color: #ffffff;\" href=\"\/?page_id=28846\">Legal notice<\/a><\/span><br \/>\n<span style=\"color: #ffffff;\"><a style=\"color: #ffffff;\" href=\"#\">Sales general conditions<\/a><\/span>[\/et_pb_text][et_pb_image src=&#8221;https:\/\/www.niled.eu\/wp-content\/uploads\/2017\/12\/Picto-noir-sur-blanc-monteur-en-haut-de-poteau-x222.jpg&#8221; align_tablet=&#8221;center&#8221; align_phone=&#8221;&#8221; align_last_edited=&#8221;on|desktop&#8221; _builder_version=&#8221;3.23&#8243; max_width=&#8221;180px&#8221; module_alignment=&#8221;left&#8221;][\/et_pb_image][\/et_pb_column][et_pb_column type=&#8221;1_3&#8243; _builder_version=&#8221;3.0.47&#8243; custom_padding=&#8221;|||&#8221; custom_padding__hover=&#8221;|||&#8221;][et_pb_text _builder_version=&#8221;3.27.4&#8243; text_font=&#8221;Source Sans Pro|on|||&#8221; text_text_color=&#8221;#666666&#8243; text_font_size=&#8221;18&#8243; text_line_height=&#8221;1.4em&#8221; custom_margin=&#8221;||24px|&#8221;]Map location[\/et_pb_text][et_pb_map address=&#8221;38 Quai de l&#8217;Oise, 60870 Rieux, France&#8221; zoom_level=&#8221;19&#8243; address_lat=&#8221;49.29378&#8243; address_lng=&#8221;2.5131927&#8243; _builder_version=&#8221;4.0.9&#8243; height=&#8221;230px&#8221;][et_pb_map_pin _builder_version=&#8221;3.0.92&#8243;][\/et_pb_map_pin][\/et_pb_map][\/et_pb_column][\/et_pb_row][\/et_pb_section]<\/p>\n","protected":false},"excerpt":{"rendered":"<p>[et_pb_section fb_built=&#8221;1&#8243; _builder_version=&#8221;3.29.3&#8243; background_color=&#8221;#282828&#8243; custom_padding=&#8221;0|0px|0px|0px|false|false&#8221;][et_pb_row _builder_version=&#8221;3.25&#8243; custom_padding=&#8221;4.5px|0px|3.339996337890625px|0px|false|false&#8221;][et_pb_column type=&#8221;4_4&#8243; _builder_version=&#8221;3.25&#8243; custom_padding=&#8221;|||&#8221; custom_padding__hover=&#8221;|||&#8221;][et_pb_text _builder_version=&#8221;3.27.4&#8243; text_font=&#8221;||||||||&#8221; text_text_color=&#8221;#000000&#8243; text_font_size=&#8221;17px&#8221; header_font=&#8221;||||||||&#8221; header_text_color=&#8221;#000000&#8243; header_font_size=&#8221;35px&#8221; header_2_font=&#8221;||||||||&#8221; custom_margin=&#8221;-9px|||||&#8221; custom_padding=&#8221;10px||15px|||&#8221;] Installation tools &amp; stringing accessories for insulated conductors [\/et_pb_text][\/et_pb_column][\/et_pb_row][\/et_pb_section][et_pb_section fb_built=&#8221;1&#8243; _builder_version=&#8221;3.22.3&#8243; background_image=&#8221;https:\/\/www.niled.eu\/wp-content\/uploads\/2018\/05\/Montage-photo-NB-Outillage-H-1.jpeg&#8221; background_position=&#8221;top_center&#8221; custom_margin=&#8221;-22px|||||&#8221; custom_padding=&#8221;20.669998168945312px|0px|14px|0px|false|false&#8221;][et_pb_row column_structure=&#8221;1_3,1_3,1_3&#8243; _builder_version=&#8221;3.25&#8243; custom_padding=&#8221;2.339996337890625px|0px|19.339996337890625px|0px&#8221;][et_pb_column type=&#8221;1_3&#8243; _builder_version=&#8221;3.25&#8243; custom_padding=&#8221;|||&#8221; custom_padding__hover=&#8221;|||&#8221;][et_pb_image src=&#8221;https:\/\/www.niled.eu\/wp-content\/uploads\/2018\/05\/Gamme-coupes-c\u00e2bles-550&#215;330.jpg&#8221; url=&#8221;\/?page_id=30428&#8243; align_tablet=&#8221;center&#8221; align_phone=&#8221;&#8221; align_last_edited=&#8221;on|desktop&#8221; _builder_version=&#8221;3.29.3&#8243; max_width=&#8221;92%&#8221; module_alignment=&#8221;center&#8221; border_radii=&#8221;|10px|10px|10px|10px&#8221;][\/et_pb_image][\/et_pb_column][et_pb_column type=&#8221;1_3&#8243; _builder_version=&#8221;3.25&#8243; custom_padding=&#8221;|||&#8221; [&hellip;]<\/p>\n","protected":false},"author":3,"featured_media":0,"parent":0,"menu_order":0,"comment_status":"closed","ping_status":"closed","template":"","meta":{"_et_pb_use_builder":"on","_et_pb_old_content":"","_et_gb_content_width":"","footnotes":""},"yoast_head":"<!-- This site is optimized with the Yoast SEO plugin v23.5 - https:\/\/yoast.com\/wordpress\/plugins\/seo\/ -->\n<title>Installation and Stringing Accessories - Niled<\/title>\n<meta name=\"description\" content=\"Mat\u00e9riel et outillage d&#039;installation pour les lignes \u00e9lectriques. Niled propose des outils de serrage, poulies, coupe-cables, galets de d\u00e9roulage.\" \/>\n<meta name=\"robots\" content=\"index, follow, max-snippet:-1, max-image-preview:large, max-video-preview:-1\" \/>\n<link rel=\"canonical\" href=\"https:\/\/www.niled.eu\/en\/installation-tools-stringing-devices-tooling-for-overhead-lv-conductors\/\" \/>\n<meta property=\"og:locale\" content=\"en_GB\" \/>\n<meta property=\"og:type\" content=\"article\" \/>\n<meta property=\"og:title\" content=\"Installation and Stringing Accessories - Niled\" \/>\n<meta property=\"og:description\" content=\"Mat\u00e9riel et outillage d&#039;installation pour les lignes \u00e9lectriques. Niled propose des outils de serrage, poulies, coupe-cables, galets de d\u00e9roulage.\" \/>\n<meta property=\"og:url\" content=\"https:\/\/www.niled.eu\/en\/installation-tools-stringing-devices-tooling-for-overhead-lv-conductors\/\" \/>\n<meta property=\"og:site_name\" content=\"Niled\" \/>\n<meta property=\"article:modified_time\" content=\"2024-10-30T13:04:40+00:00\" \/>\n<meta name=\"twitter:card\" content=\"summary_large_image\" \/>\n<meta name=\"twitter:label1\" content=\"Estimated reading time\" \/>\n\t<meta name=\"twitter:data1\" content=\"6 minutes\" \/>\n<script type=\"application\/ld+json\" class=\"yoast-schema-graph\">{\"@context\":\"https:\/\/schema.org\",\"@graph\":[{\"@type\":\"WebPage\",\"@id\":\"https:\/\/www.niled.eu\/en\/installation-tools-stringing-devices-tooling-for-overhead-lv-conductors\/\",\"url\":\"https:\/\/www.niled.eu\/en\/installation-tools-stringing-devices-tooling-for-overhead-lv-conductors\/\",\"name\":\"Installation and Stringing Accessories - Niled\",\"isPartOf\":{\"@id\":\"https:\/\/www.niled.eu\/en\/#website\"},\"datePublished\":\"2019-11-07T15:18:46+00:00\",\"dateModified\":\"2024-10-30T13:04:40+00:00\",\"description\":\"Mat\u00e9riel et outillage d'installation pour les lignes \u00e9lectriques. Niled propose des outils de serrage, poulies, coupe-cables, galets de d\u00e9roulage.\",\"breadcrumb\":{\"@id\":\"https:\/\/www.niled.eu\/en\/installation-tools-stringing-devices-tooling-for-overhead-lv-conductors\/#breadcrumb\"},\"inLanguage\":\"en-GB\",\"potentialAction\":[{\"@type\":\"ReadAction\",\"target\":[\"https:\/\/www.niled.eu\/en\/installation-tools-stringing-devices-tooling-for-overhead-lv-conductors\/\"]}]},{\"@type\":\"BreadcrumbList\",\"@id\":\"https:\/\/www.niled.eu\/en\/installation-tools-stringing-devices-tooling-for-overhead-lv-conductors\/#breadcrumb\",\"itemListElement\":[{\"@type\":\"ListItem\",\"position\":1,\"name\":\"Accueil\",\"item\":\"https:\/\/www.niled.eu\/en\/\"},{\"@type\":\"ListItem\",\"position\":2,\"name\":\"Installation and Stringing Accessories\"}]},{\"@type\":\"WebSite\",\"@id\":\"https:\/\/www.niled.eu\/en\/#website\",\"url\":\"https:\/\/www.niled.eu\/en\/\",\"name\":\"Niled\",\"description\":\"Fabricant de mat\u00e9riels pour r\u00e9seaux \u00e9lectriques\",\"publisher\":{\"@id\":\"https:\/\/www.niled.eu\/en\/#organization\"},\"potentialAction\":[{\"@type\":\"SearchAction\",\"target\":{\"@type\":\"EntryPoint\",\"urlTemplate\":\"https:\/\/www.niled.eu\/en\/?s={search_term_string}\"},\"query-input\":{\"@type\":\"PropertyValueSpecification\",\"valueRequired\":true,\"valueName\":\"search_term_string\"}}],\"inLanguage\":\"en-GB\"},{\"@type\":\"Organization\",\"@id\":\"https:\/\/www.niled.eu\/en\/#organization\",\"name\":\"NILED\",\"url\":\"https:\/\/www.niled.eu\/en\/\",\"logo\":{\"@type\":\"ImageObject\",\"inLanguage\":\"en-GB\",\"@id\":\"https:\/\/www.niled.eu\/en\/#\/schema\/logo\/image\/\",\"url\":\"https:\/\/www.niled.eu\/wp-content\/uploads\/2017\/10\/logoNILED-02.png\",\"contentUrl\":\"https:\/\/www.niled.eu\/wp-content\/uploads\/2017\/10\/logoNILED-02.png\",\"width\":1627,\"height\":532,\"caption\":\"NILED\"},\"image\":{\"@id\":\"https:\/\/www.niled.eu\/en\/#\/schema\/logo\/image\/\"}}]}<\/script>\n<!-- \/ Yoast SEO plugin. -->","yoast_head_json":{"title":"Installation and Stringing Accessories - Niled","description":"Mat\u00e9riel et outillage d'installation pour les lignes \u00e9lectriques. Niled propose des outils de serrage, poulies, coupe-cables, galets de d\u00e9roulage.","robots":{"index":"index","follow":"follow","max-snippet":"max-snippet:-1","max-image-preview":"max-image-preview:large","max-video-preview":"max-video-preview:-1"},"canonical":"https:\/\/www.niled.eu\/en\/installation-tools-stringing-devices-tooling-for-overhead-lv-conductors\/","og_locale":"en_GB","og_type":"article","og_title":"Installation and Stringing Accessories - Niled","og_description":"Mat\u00e9riel et outillage d'installation pour les lignes \u00e9lectriques. Niled propose des outils de serrage, poulies, coupe-cables, galets de d\u00e9roulage.","og_url":"https:\/\/www.niled.eu\/en\/installation-tools-stringing-devices-tooling-for-overhead-lv-conductors\/","og_site_name":"Niled","article_modified_time":"2024-10-30T13:04:40+00:00","twitter_card":"summary_large_image","twitter_misc":{"Estimated reading time":"6 minutes"},"schema":{"@context":"https:\/\/schema.org","@graph":[{"@type":"WebPage","@id":"https:\/\/www.niled.eu\/en\/installation-tools-stringing-devices-tooling-for-overhead-lv-conductors\/","url":"https:\/\/www.niled.eu\/en\/installation-tools-stringing-devices-tooling-for-overhead-lv-conductors\/","name":"Installation and Stringing Accessories - Niled","isPartOf":{"@id":"https:\/\/www.niled.eu\/en\/#website"},"datePublished":"2019-11-07T15:18:46+00:00","dateModified":"2024-10-30T13:04:40+00:00","description":"Mat\u00e9riel et outillage d'installation pour les lignes \u00e9lectriques. Niled propose des outils de serrage, poulies, coupe-cables, galets de d\u00e9roulage.","breadcrumb":{"@id":"https:\/\/www.niled.eu\/en\/installation-tools-stringing-devices-tooling-for-overhead-lv-conductors\/#breadcrumb"},"inLanguage":"en-GB","potentialAction":[{"@type":"ReadAction","target":["https:\/\/www.niled.eu\/en\/installation-tools-stringing-devices-tooling-for-overhead-lv-conductors\/"]}]},{"@type":"BreadcrumbList","@id":"https:\/\/www.niled.eu\/en\/installation-tools-stringing-devices-tooling-for-overhead-lv-conductors\/#breadcrumb","itemListElement":[{"@type":"ListItem","position":1,"name":"Accueil","item":"https:\/\/www.niled.eu\/en\/"},{"@type":"ListItem","position":2,"name":"Installation and Stringing Accessories"}]},{"@type":"WebSite","@id":"https:\/\/www.niled.eu\/en\/#website","url":"https:\/\/www.niled.eu\/en\/","name":"Niled","description":"Fabricant de mat\u00e9riels pour r\u00e9seaux \u00e9lectriques","publisher":{"@id":"https:\/\/www.niled.eu\/en\/#organization"},"potentialAction":[{"@type":"SearchAction","target":{"@type":"EntryPoint","urlTemplate":"https:\/\/www.niled.eu\/en\/?s={search_term_string}"},"query-input":{"@type":"PropertyValueSpecification","valueRequired":true,"valueName":"search_term_string"}}],"inLanguage":"en-GB"},{"@type":"Organization","@id":"https:\/\/www.niled.eu\/en\/#organization","name":"NILED","url":"https:\/\/www.niled.eu\/en\/","logo":{"@type":"ImageObject","inLanguage":"en-GB","@id":"https:\/\/www.niled.eu\/en\/#\/schema\/logo\/image\/","url":"https:\/\/www.niled.eu\/wp-content\/uploads\/2017\/10\/logoNILED-02.png","contentUrl":"https:\/\/www.niled.eu\/wp-content\/uploads\/2017\/10\/logoNILED-02.png","width":1627,"height":532,"caption":"NILED"},"image":{"@id":"https:\/\/www.niled.eu\/en\/#\/schema\/logo\/image\/"}}]}},"jetpack_sharing_enabled":true,"_links":{"self":[{"href":"https:\/\/www.niled.eu\/en\/wp-json\/wp\/v2\/pages\/33263"}],"collection":[{"href":"https:\/\/www.niled.eu\/en\/wp-json\/wp\/v2\/pages"}],"about":[{"href":"https:\/\/www.niled.eu\/en\/wp-json\/wp\/v2\/types\/page"}],"author":[{"embeddable":true,"href":"https:\/\/www.niled.eu\/en\/wp-json\/wp\/v2\/users\/3"}],"replies":[{"embeddable":true,"href":"https:\/\/www.niled.eu\/en\/wp-json\/wp\/v2\/comments?post=33263"}],"version-history":[{"count":14,"href":"https:\/\/www.niled.eu\/en\/wp-json\/wp\/v2\/pages\/33263\/revisions"}],"predecessor-version":[{"id":41773,"href":"https:\/\/www.niled.eu\/en\/wp-json\/wp\/v2\/pages\/33263\/revisions\/41773"}],"wp:attachment":[{"href":"https:\/\/www.niled.eu\/en\/wp-json\/wp\/v2\/media?parent=33263"}],"curies":[{"name":"wp","href":"https:\/\/api.w.org\/{rel}","templated":true}]}}