{"id":33257,"date":"2019-11-07T16:16:04","date_gmt":"2019-11-07T15:16:04","guid":{"rendered":"https:\/\/www.niled.eu\/branchement-des-reseaux-aeriens-isoles-bt\/"},"modified":"2024-10-28T15:23:10","modified_gmt":"2024-10-28T14:23:10","slug":"anchoring-protecting-fixing-wedge-dead-end-clamps-pa25","status":"publish","type":"page","link":"https:\/\/www.niled.eu\/en\/anchoring-protecting-fixing-wedge-dead-end-clamps-pa25\/","title":{"rendered":"Protective fittings and branch accessories for ABC"},"content":{"rendered":"<p>[et_pb_section fb_built=&#8221;1&#8243; _builder_version=&#8221;3.29.3&#8243; background_color=&#8221;#282828&#8243; custom_padding=&#8221;0px|0px|0px|0px&#8221;][et_pb_row _builder_version=&#8221;3.29.3&#8243; custom_padding=&#8221;0px|0px|0px|0px|false|false&#8221;][et_pb_column type=&#8221;4_4&#8243; _builder_version=&#8221;3.25&#8243; custom_padding=&#8221;|||&#8221; custom_padding__hover=&#8221;|||&#8221;][et_pb_text _builder_version=&#8221;4.0.9&#8243; text_font=&#8221;||||||||&#8221; text_text_color=&#8221;#000000&#8243; text_font_size=&#8221;17px&#8221; header_font=&#8221;||||||||&#8221; header_text_color=&#8221;#000000&#8243; header_font_size=&#8221;35px&#8221; header_2_font=&#8221;||||||||&#8221; custom_padding=&#8221;0px||20px|||&#8221;]<\/p>\n<h1 style=\"text-align: center;\"><span style=\"color: #ffffff; font-size: large;\">ABC accessories : protective, insulating, and branch fixing fittings for abc <span style=\"font-size: medium;\">(Aerial Bundled Cables )<\/span><br \/><\/span><\/h1>\n<h2 style=\"text-align: center;\"><span style=\"color: #ffffff; font-size: large;\"><span style=\"font-size: medium;\"><em>(PVC mechanical protection, wedge-anchor clamps PA25,\u00a0 bolting accessories, stainless steel strapping, insulating end caps)<\/em><\/span><br \/><\/span><\/h2>\n<p>[\/et_pb_text][\/et_pb_column][\/et_pb_row][\/et_pb_section][et_pb_section fb_built=&#8221;1&#8243; _builder_version=&#8221;3.22&#8243; background_image=&#8221;https:\/\/www.niled.eu\/wp-content\/uploads\/2019\/04\/montage-NB-photo-gamme-E-600&#215;175.jpg&#8221; background_position=&#8221;top_center&#8221; min_height=&#8221;465px&#8221; custom_margin=&#8221;-20px|||||&#8221; custom_padding=&#8221;7px|0px|0|0px|false|false&#8221;][et_pb_row column_structure=&#8221;1_3,1_3,1_3&#8243; use_custom_gutter=&#8221;on&#8221; gutter_width=&#8221;2&#8243; _builder_version=&#8221;3.25&#8243; max_width=&#8221;1019px&#8221; custom_margin=&#8221;-4px|auto||auto||&#8221; custom_padding=&#8221;0px|0px|11px|0px|false|false&#8221; use_custom_width=&#8221;on&#8221; custom_width_px=&#8221;1019px&#8221;][et_pb_column type=&#8221;1_3&#8243; _builder_version=&#8221;3.25&#8243; custom_padding=&#8221;|||&#8221; custom_padding__hover=&#8221;|||&#8221;][et_pb_image src=&#8221;https:\/\/www.niled.eu\/wp-content\/uploads\/2018\/03\/Pinces-ancrage-branchement-540&#215;350.jpg&#8221; alt=&#8221;Pinces d&#8217;ancrage PA25, PAS anchoring dead-end clamps&#8221; title_text=&#8221;Pinces d&#8217;ancrage PA25, PAS anchoring dead-end clamps&#8221; url=&#8221;https:\/\/www.niled.eu\/en\/anchoring-protecting-fixing-wedge-dead-end-clamps-pa25\/anchoring-dead-end-clamps-for-branch-fixing-type-pa25\/?et_fb=1&#038;PageSpeed=off&#8221; align_tablet=&#8221;center&#8221; align_phone=&#8221;&#8221; align_last_edited=&#8221;on|desktop&#8221; _builder_version=&#8221;3.29.3&#8243; max_width=&#8221;92%&#8221; module_alignment=&#8221;center&#8221; custom_padding=&#8221;40px|||&#8221; border_radii=&#8221;|10px|10px|10px|10px&#8221;][\/et_pb_image][\/et_pb_column][et_pb_column type=&#8221;1_3&#8243; _builder_version=&#8221;3.25&#8243; custom_padding=&#8221;|||&#8221; custom_padding__hover=&#8221;|||&#8221;][et_pb_image src=&#8221;https:\/\/www.niled.eu\/wp-content\/uploads\/2018\/03\/Materiel-dancrage-cable-dabonn\u00e9-540&#215;350.jpg&#8221; url=&#8221;http:\/\/www.niled.fr\/catalogue\/Pince_ancrage_branchement_PA25\/&#8221; align_tablet=&#8221;center&#8221; align_phone=&#8221;&#8221; align_last_edited=&#8221;on|desktop&#8221; _builder_version=&#8221;4.5.3&#8243; max_width=&#8221;92%&#8221; module_alignment=&#8221;center&#8221; custom_padding=&#8221;40px|||&#8221; hover_enabled=&#8221;0&#8243; border_radii=&#8221;|10px|10px|10px|10px&#8221;][\/et_pb_image][\/et_pb_column][et_pb_column type=&#8221;1_3&#8243; _builder_version=&#8221;3.25&#8243; custom_padding=&#8221;|||&#8221; custom_padding__hover=&#8221;|||&#8221;][et_pb_image src=&#8221;https:\/\/www.niled.eu\/wp-content\/uploads\/2018\/03\/Colliers-dinstallation-540&#215;350.jpg&#8221; alt=&#8221;Nylon cable ties for electrical installation&#8221; title_text=&#8221;Polyamid cable ties for ABC fixing&#8221; url=&#8221;http:\/\/www.niled.fr\/catalogue\/Colliers_d_installatioin_serrage\/&#8221; align_tablet=&#8221;center&#8221; align_phone=&#8221;&#8221; align_last_edited=&#8221;on|desktop&#8221; _builder_version=&#8221;4.5.3&#8243; max_width=&#8221;92%&#8221; module_alignment=&#8221;center&#8221; custom_padding=&#8221;40px|||&#8221; hover_enabled=&#8221;0&#8243; border_radii=&#8221;|10px|10px|10px|10px&#8221;][\/et_pb_image][\/et_pb_column][\/et_pb_row][et_pb_row column_structure=&#8221;1_3,1_3,1_3&#8243; use_custom_gutter=&#8221;on&#8221; gutter_width=&#8221;2&#8243; _builder_version=&#8221;3.25&#8243; max_width=&#8221;1019px&#8221; custom_padding=&#8221;0px|0px|49px|0px|false|false&#8221; use_custom_width=&#8221;on&#8221; custom_width_px=&#8221;1019px&#8221;][et_pb_column type=&#8221;1_3&#8243; _builder_version=&#8221;3.25&#8243; custom_padding=&#8221;|||&#8221; custom_padding__hover=&#8221;|||&#8221;][et_pb_image src=&#8221;https:\/\/www.niled.eu\/wp-content\/uploads\/2018\/03\/Bracelet-isolant-remont\u00e9e-de-cable-540&#215;350.jpg&#8221; url=&#8221;http:\/\/www.niled.fr\/catalogue\/Colliers_d_installatioin_serrage\/&#8221; align_tablet=&#8221;center&#8221; align_phone=&#8221;&#8221; align_last_edited=&#8221;on|desktop&#8221; _builder_version=&#8221;4.5.3&#8243; max_width=&#8221;92%&#8221; module_alignment=&#8221;center&#8221; custom_padding=&#8221;40px|||&#8221; hover_enabled=&#8221;0&#8243; border_radii=&#8221;|10px|10px|10px|10px&#8221;][\/et_pb_image][\/et_pb_column][et_pb_column type=&#8221;1_3&#8243; _builder_version=&#8221;3.25&#8243; custom_padding=&#8221;|||&#8221; custom_padding__hover=&#8221;|||&#8221;][et_pb_image src=&#8221;https:\/\/www.niled.eu\/wp-content\/uploads\/2018\/03\/Mat\u00e9riels-fixation-r\u00e9seaux-a\u00e9riens-BT-540X350-1.jpg&#8221; alt=&#8221;Anchoring brackets for ABC clamps, fixing galvanized bolts&#8221; title_text=&#8221;Anchoring brackets for ABC clamps, fixing galvanized bolts&#8221; url=&#8221;https:\/\/www.niled.eu\/en\/anchoring-protecting-fixing-wedge-dead-end-clamps-pa25\/service-anchoring-brackets-for-dead-end-clamps-fixing-bolts-and-hool-galvanized-accessories\/&#8221; align_tablet=&#8221;center&#8221; align_phone=&#8221;&#8221; align_last_edited=&#8221;on|desktop&#8221; _builder_version=&#8221;4.0.9&#8243; max_width=&#8221;92%&#8221; module_alignment=&#8221;center&#8221; custom_padding=&#8221;40px|||&#8221; border_radii=&#8221;|10px|10px|10px|10px&#8221;][\/et_pb_image][\/et_pb_column][et_pb_column type=&#8221;1_3&#8243; _builder_version=&#8221;3.25&#8243; custom_padding=&#8221;|||&#8221; custom_padding__hover=&#8221;|||&#8221;][et_pb_image src=&#8221;https:\/\/www.niled.eu\/wp-content\/uploads\/2018\/03\/Goulottes-feuillard-capuchons-540&#215;350.jpg&#8221; alt=&#8221;Cable protection cast on poles, stainless steel strapping&#8221; title_text=&#8221;Cable protection cast on poles, stainless steel strapping&#8221; url=&#8221;https:\/\/www.niled.eu\/en\/anchoring-protecting-fixing-wedge-dead-end-clamps-pa25\/pvc-protection-cast-stainless-steel-strapping-and-buckles\/?et_fb=1&#038;PageSpeed=off&#8221; align_tablet=&#8221;center&#8221; align_phone=&#8221;&#8221; align_last_edited=&#8221;on|desktop&#8221; admin_label=&#8221;Stainless steel strapping for fixing ABC accessories (bracket, PVC cast&#8230;)&#8221; _builder_version=&#8221;4.0.9&#8243; max_width=&#8221;92%&#8221; module_alignment=&#8221;center&#8221; custom_padding=&#8221;40px|||||&#8221; border_radii=&#8221;|10px|10px|10px|10px&#8221;][\/et_pb_image][\/et_pb_column][\/et_pb_row][\/et_pb_section][et_pb_section fb_built=&#8221;1&#8243; _builder_version=&#8221;3.29.3&#8243; background_color=&#8221;#ffffff&#8221; min_height=&#8221;342px&#8221; custom_padding=&#8221;3px||3px|||&#8221;][et_pb_row _builder_version=&#8221;3.25&#8243; background_size=&#8221;initial&#8221; background_position=&#8221;top_left&#8221; background_repeat=&#8221;repeat&#8221; min_height=&#8221;296px&#8221; custom_margin=&#8221;14px|auto||auto||&#8221; custom_padding=&#8221;10px||6px|||&#8221;][et_pb_column type=&#8221;4_4&#8243; _builder_version=&#8221;3.25&#8243; custom_padding=&#8221;|||&#8221; custom_padding__hover=&#8221;|||&#8221;][et_pb_text _builder_version=&#8221;3.29.3&#8243; min_height=&#8221;52px&#8221; custom_margin=&#8221;-14px||-136px|||&#8221; custom_padding=&#8221;4px||32px|||&#8221; z_index_tablet=&#8221;500&#8243;]<\/p>\n<h2 style=\"text-align: left;\"><span style=\"font-size: medium; color: #d43f05;\"><strong>Access to other products:<\/strong><\/span><\/h2>\n<p>[\/et_pb_text][et_pb_code admin_label=&#8221;Code&#8221; _builder_version=&#8221;4.0.9&#8243; z_index=&#8221;500&#8243; width_last_edited=&#8221;off|desktop&#8221; max_width_last_edited=&#8221;off|&#8221; module_alignment=&#8221;center&#8221; min_height=&#8221;156px&#8221; min_height_last_edited=&#8221;off|desktop&#8221; height_last_edited=&#8221;off|desktop&#8221; max_height_last_edited=&#8221;off|desktop&#8221; custom_margin=&#8221;101px|||||&#8221; custom_padding=&#8221;10px||11px|||&#8221;][\/et_pb_code][\/et_pb_column][\/et_pb_row][\/et_pb_section][et_pb_section fb_built=&#8221;1&#8243; _builder_version=&#8221;4.0.9&#8243; background_color=&#8221;#000000&#8243; custom_margin=&#8221;-8px|||||&#8221; custom_padding=&#8221;30px||0px||false|false&#8221; transparent_background=&#8221;off&#8221; padding_mobile=&#8221;on&#8221;][et_pb_row column_structure=&#8221;1_3,1_3,1_3&#8243; use_custom_gutter=&#8221;on&#8221; gutter_width=&#8221;2&#8243; column_padding_mobile=&#8221;on&#8221; _builder_version=&#8221;3.25&#8243; background_size=&#8221;initial&#8221; background_position=&#8221;top_left&#8221; background_repeat=&#8221;repeat&#8221; custom_margin=&#8221;-16px|auto||auto||&#8221; custom_padding=&#8221;5.5px||24px||false|false&#8221;][et_pb_column type=&#8221;1_3&#8243; _builder_version=&#8221;3.0.47&#8243; custom_padding=&#8221;|||&#8221; custom_padding__hover=&#8221;|||&#8221;][et_pb_text _builder_version=&#8221;3.27.4&#8243; text_font=&#8221;Source Sans Pro|on|||&#8221; text_text_color=&#8221;#666666&#8243; text_font_size=&#8221;18&#8243; text_line_height=&#8221;1.4em&#8221; custom_margin=&#8221;||8px|&#8221;]<span style=\"color: #686868; font-size: large;\">COMPANY<\/span>[\/et_pb_text][et_pb_text _builder_version=&#8221;3.29.3&#8243; text_font=&#8221;Source Sans Pro||||&#8221; text_text_color=&#8221;#ffffff&#8221; text_font_size=&#8221;18&#8243; text_line_height=&#8221;2.2em&#8221; custom_padding=&#8221;0px|||&#8221;]<span style=\"color: #ffffff;\"><a style=\"color: #ffffff;\" href=\"https:\/\/www.niled.eu\/en\/product-lines\/\">Products<\/a><\/span><br \/>\n<span style=\"color: #ffffff;\"><a style=\"color: #ffffff;\" href=\"\/?page_id=27675#notresavoirfaire\">Know how<\/a><\/span><br \/>\n<span style=\"color: #ffffff;\"><a style=\"color: #ffffff;\" href=\"https:\/\/www.niled.eu\/en\/join-us\/\">Recruitment<\/a><\/span><br \/>\n<span style=\"color: #ffffff;\"><a style=\"color: #ffffff;\" href=\"http:\/\/www.niled.fr\/catalogue\/\">Catalog<\/a><\/span><br \/>\n<span style=\"color: #ffffff;\"><a style=\"color: #ffffff;\" href=\"https:\/\/www.niled.eu\/en\/contact-us\/\">Contact<\/a><\/span>[\/et_pb_text][\/et_pb_column][et_pb_column type=&#8221;1_3&#8243; _builder_version=&#8221;3.0.47&#8243; custom_padding=&#8221;|||&#8221; custom_padding__hover=&#8221;|||&#8221;][et_pb_text _builder_version=&#8221;3.27.4&#8243; text_font=&#8221;Source Sans Pro|on|||&#8221; text_text_color=&#8221;#666666&#8243; text_font_size=&#8221;18&#8243; text_line_height=&#8221;1.4em&#8221; custom_margin=&#8221;||8px|&#8221;]<\/p>\n<p>ABOUT US<\/p>\n<p>[\/et_pb_text][et_pb_text _builder_version=&#8221;3.27.4&#8243; text_font=&#8221;Source Sans Pro||||&#8221; text_text_color=&#8221;#ffffff&#8221; text_font_size=&#8221;18&#8243; text_line_height=&#8221;2.2em&#8221; custom_padding=&#8221;0px|||&#8221; link_option_url=&#8221;https:\/\/www.niled.eu\/wp-content\/uploads\/2018\/01\/Conditions-G\u00e9n\u00e9rales-de-Vente-2017.pdf&#8221; link_option_url_new_window=&#8221;on&#8221;]<span style=\"color: #ffffff;\"><a style=\"color: #ffffff;\" href=\"https:\/\/www.niled.eu\/mentions-legales\/\">Legal Notice<\/a><\/span><br \/>\n<span style=\"color: #ffffff;\"><a style=\"color: #ffffff;\" href=\"#\">Terms of Sales<\/a><\/span>[\/et_pb_text][et_pb_image src=&#8221;https:\/\/www.niled.eu\/wp-content\/uploads\/2017\/12\/Picto-noir-sur-blanc-monteur-en-haut-de-poteau-x222.jpg&#8221; align_tablet=&#8221;center&#8221; align_phone=&#8221;&#8221; align_last_edited=&#8221;on|desktop&#8221; _builder_version=&#8221;3.23&#8243; max_width=&#8221;180px&#8221; module_alignment=&#8221;left&#8221;][\/et_pb_image][\/et_pb_column][et_pb_column type=&#8221;1_3&#8243; _builder_version=&#8221;3.0.47&#8243; custom_padding=&#8221;|||&#8221; custom_padding__hover=&#8221;|||&#8221;][et_pb_text _builder_version=&#8221;3.27.4&#8243; text_font=&#8221;Source Sans Pro|on|||&#8221; text_text_color=&#8221;#666666&#8243; text_font_size=&#8221;18&#8243; text_line_height=&#8221;1.4em&#8221; custom_margin=&#8221;||24px|&#8221;]<\/p>\n<p>HOW TO FIND US<\/p>\n<p>[\/et_pb_text][et_pb_map address=&#8221;38 Quai de l&#8217;Oise, 60870 Rieux, France&#8221; zoom_level=&#8221;19&#8243; address_lat=&#8221;49.29378&#8243; address_lng=&#8221;2.5131927&#8243; _builder_version=&#8221;3.29.3&#8243; height=&#8221;226px&#8221; custom_margin=&#8221;||-198px|||&#8221;][et_pb_map_pin _builder_version=&#8221;3.0.92&#8243;][\/et_pb_map_pin][\/et_pb_map][\/et_pb_column][\/et_pb_row][et_pb_row _builder_version=&#8221;4.0.9&#8243; custom_margin=&#8221;|auto||175px||&#8221; custom_padding=&#8221;||0px|||&#8221;][et_pb_column type=&#8221;4_4&#8243; _builder_version=&#8221;4.0.9&#8243;][et_pb_text _builder_version=&#8221;4.0.9&#8243; custom_margin=&#8221;-45px||-14px|||&#8221; custom_padding=&#8221;7px||10px|||&#8221;]<\/p>\n<p><span style=\"color: #000000;\"><i>NILED is a french manufacturer of protective fittings and branch ABC accessories for low voltage power lines. This range includes service fixing devices as : anchoring clamps PA25, fixing accessories, anchoring hook bolts, stainless steel strapping, protective cable gutters or insulating end caps. Niled ABC fittings catalogue (aerial bundled conductors fittings) includes all service branch accessories for fixing ABC power cables. Stainless steel strapping band and PVC rigid cable gutters are <\/i><i>used to protect conductors placed inside from mechanical shocks. Niled propose a wide range of insulating protecting end caps which ensure watertightness of the insulated conductors. <\/i><\/span><span style=\"color: #000000;\"><i>Electrical installer will find various size of protective gutters for the mechanical protection of rising cables . Stainless steel strapping bands are proposed with installation tooling required (Banding tools or cutter). More info in our catalogue concerning &#8220;Protective and branch accessories for ABC overhead lines&#8221;.<br \/><\/i><\/span><\/p>\n<p>[\/et_pb_text][\/et_pb_column][\/et_pb_row][\/et_pb_section]<\/p>\n","protected":false},"excerpt":{"rendered":"<p>NILED is a french manufacturer of protective fittings and branch accessories for ABC power lines. This range includes service fixing devices as : anchoring clamps PA25, fixing accessories, anchoring hook bolts, stainless steel strapping, protective cable gutters or insulating end caps. Niled ABC fittings catalogue (aerial bundled conductors fittings) includes all service branch accessories for fixing ABC power cables<\/p>\n","protected":false},"author":2,"featured_media":0,"parent":0,"menu_order":0,"comment_status":"closed","ping_status":"closed","template":"","meta":{"_et_pb_use_builder":"on","_et_pb_old_content":"","_et_gb_content_width":"","footnotes":""},"yoast_head":"<!-- This site is optimized with the Yoast SEO plugin v23.5 - https:\/\/yoast.com\/wordpress\/plugins\/seo\/ -->\n<title>Protective fittings and branch accessories for ABC - Niled<\/title>\n<meta name=\"description\" content=\"Protective and branch fittings for ABC : anchoring clamps for fixing electrical cables. Dead-end clamps, anchor hooks bolts, protective glutters, end caps..\" \/>\n<meta name=\"robots\" content=\"index, follow, max-snippet:-1, max-image-preview:large, max-video-preview:-1\" \/>\n<link rel=\"canonical\" href=\"https:\/\/www.niled.eu\/en\/anchoring-protecting-fixing-wedge-dead-end-clamps-pa25\/\" \/>\n<meta property=\"og:locale\" content=\"en_GB\" \/>\n<meta property=\"og:type\" content=\"article\" \/>\n<meta property=\"og:title\" content=\"Protective fittings and branch accessories for ABC - Niled\" \/>\n<meta property=\"og:description\" content=\"Protective and branch fittings for ABC : anchoring clamps for fixing electrical cables. Dead-end clamps, anchor hooks bolts, protective glutters, end caps..\" \/>\n<meta property=\"og:url\" content=\"https:\/\/www.niled.eu\/en\/anchoring-protecting-fixing-wedge-dead-end-clamps-pa25\/\" \/>\n<meta property=\"og:site_name\" content=\"Niled\" \/>\n<meta property=\"article:modified_time\" content=\"2024-10-28T14:23:10+00:00\" \/>\n<meta name=\"twitter:card\" content=\"summary_large_image\" \/>\n<meta name=\"twitter:label1\" content=\"Estimated reading time\" \/>\n\t<meta name=\"twitter:data1\" content=\"7 minutes\" \/>\n<script type=\"application\/ld+json\" class=\"yoast-schema-graph\">{\"@context\":\"https:\/\/schema.org\",\"@graph\":[{\"@type\":\"WebPage\",\"@id\":\"https:\/\/www.niled.eu\/en\/anchoring-protecting-fixing-wedge-dead-end-clamps-pa25\/\",\"url\":\"https:\/\/www.niled.eu\/en\/anchoring-protecting-fixing-wedge-dead-end-clamps-pa25\/\",\"name\":\"Protective fittings and branch accessories for ABC - Niled\",\"isPartOf\":{\"@id\":\"https:\/\/www.niled.eu\/en\/#website\"},\"datePublished\":\"2019-11-07T15:16:04+00:00\",\"dateModified\":\"2024-10-28T14:23:10+00:00\",\"description\":\"Protective and branch fittings for ABC : anchoring clamps for fixing electrical cables. Dead-end clamps, anchor hooks bolts, protective glutters, end caps..\",\"breadcrumb\":{\"@id\":\"https:\/\/www.niled.eu\/en\/anchoring-protecting-fixing-wedge-dead-end-clamps-pa25\/#breadcrumb\"},\"inLanguage\":\"en-GB\",\"potentialAction\":[{\"@type\":\"ReadAction\",\"target\":[\"https:\/\/www.niled.eu\/en\/anchoring-protecting-fixing-wedge-dead-end-clamps-pa25\/\"]}]},{\"@type\":\"BreadcrumbList\",\"@id\":\"https:\/\/www.niled.eu\/en\/anchoring-protecting-fixing-wedge-dead-end-clamps-pa25\/#breadcrumb\",\"itemListElement\":[{\"@type\":\"ListItem\",\"position\":1,\"name\":\"Accueil\",\"item\":\"https:\/\/www.niled.eu\/en\/\"},{\"@type\":\"ListItem\",\"position\":2,\"name\":\"Protective fittings and branch accessories for ABC\"}]},{\"@type\":\"WebSite\",\"@id\":\"https:\/\/www.niled.eu\/en\/#website\",\"url\":\"https:\/\/www.niled.eu\/en\/\",\"name\":\"Niled\",\"description\":\"Fabricant de mat\u00e9riels pour r\u00e9seaux \u00e9lectriques\",\"publisher\":{\"@id\":\"https:\/\/www.niled.eu\/en\/#organization\"},\"potentialAction\":[{\"@type\":\"SearchAction\",\"target\":{\"@type\":\"EntryPoint\",\"urlTemplate\":\"https:\/\/www.niled.eu\/en\/?s={search_term_string}\"},\"query-input\":{\"@type\":\"PropertyValueSpecification\",\"valueRequired\":true,\"valueName\":\"search_term_string\"}}],\"inLanguage\":\"en-GB\"},{\"@type\":\"Organization\",\"@id\":\"https:\/\/www.niled.eu\/en\/#organization\",\"name\":\"NILED\",\"url\":\"https:\/\/www.niled.eu\/en\/\",\"logo\":{\"@type\":\"ImageObject\",\"inLanguage\":\"en-GB\",\"@id\":\"https:\/\/www.niled.eu\/en\/#\/schema\/logo\/image\/\",\"url\":\"https:\/\/www.niled.eu\/wp-content\/uploads\/2017\/10\/logoNILED-02.png\",\"contentUrl\":\"https:\/\/www.niled.eu\/wp-content\/uploads\/2017\/10\/logoNILED-02.png\",\"width\":1627,\"height\":532,\"caption\":\"NILED\"},\"image\":{\"@id\":\"https:\/\/www.niled.eu\/en\/#\/schema\/logo\/image\/\"}}]}<\/script>\n<!-- \/ Yoast SEO plugin. -->","yoast_head_json":{"title":"Protective fittings and branch accessories for ABC - Niled","description":"Protective and branch fittings for ABC : anchoring clamps for fixing electrical cables. Dead-end clamps, anchor hooks bolts, protective glutters, end caps..","robots":{"index":"index","follow":"follow","max-snippet":"max-snippet:-1","max-image-preview":"max-image-preview:large","max-video-preview":"max-video-preview:-1"},"canonical":"https:\/\/www.niled.eu\/en\/anchoring-protecting-fixing-wedge-dead-end-clamps-pa25\/","og_locale":"en_GB","og_type":"article","og_title":"Protective fittings and branch accessories for ABC - Niled","og_description":"Protective and branch fittings for ABC : anchoring clamps for fixing electrical cables. Dead-end clamps, anchor hooks bolts, protective glutters, end caps..","og_url":"https:\/\/www.niled.eu\/en\/anchoring-protecting-fixing-wedge-dead-end-clamps-pa25\/","og_site_name":"Niled","article_modified_time":"2024-10-28T14:23:10+00:00","twitter_card":"summary_large_image","twitter_misc":{"Estimated reading time":"7 minutes"},"schema":{"@context":"https:\/\/schema.org","@graph":[{"@type":"WebPage","@id":"https:\/\/www.niled.eu\/en\/anchoring-protecting-fixing-wedge-dead-end-clamps-pa25\/","url":"https:\/\/www.niled.eu\/en\/anchoring-protecting-fixing-wedge-dead-end-clamps-pa25\/","name":"Protective fittings and branch accessories for ABC - Niled","isPartOf":{"@id":"https:\/\/www.niled.eu\/en\/#website"},"datePublished":"2019-11-07T15:16:04+00:00","dateModified":"2024-10-28T14:23:10+00:00","description":"Protective and branch fittings for ABC : anchoring clamps for fixing electrical cables. Dead-end clamps, anchor hooks bolts, protective glutters, end caps..","breadcrumb":{"@id":"https:\/\/www.niled.eu\/en\/anchoring-protecting-fixing-wedge-dead-end-clamps-pa25\/#breadcrumb"},"inLanguage":"en-GB","potentialAction":[{"@type":"ReadAction","target":["https:\/\/www.niled.eu\/en\/anchoring-protecting-fixing-wedge-dead-end-clamps-pa25\/"]}]},{"@type":"BreadcrumbList","@id":"https:\/\/www.niled.eu\/en\/anchoring-protecting-fixing-wedge-dead-end-clamps-pa25\/#breadcrumb","itemListElement":[{"@type":"ListItem","position":1,"name":"Accueil","item":"https:\/\/www.niled.eu\/en\/"},{"@type":"ListItem","position":2,"name":"Protective fittings and branch accessories for ABC"}]},{"@type":"WebSite","@id":"https:\/\/www.niled.eu\/en\/#website","url":"https:\/\/www.niled.eu\/en\/","name":"Niled","description":"Fabricant de mat\u00e9riels pour r\u00e9seaux \u00e9lectriques","publisher":{"@id":"https:\/\/www.niled.eu\/en\/#organization"},"potentialAction":[{"@type":"SearchAction","target":{"@type":"EntryPoint","urlTemplate":"https:\/\/www.niled.eu\/en\/?s={search_term_string}"},"query-input":{"@type":"PropertyValueSpecification","valueRequired":true,"valueName":"search_term_string"}}],"inLanguage":"en-GB"},{"@type":"Organization","@id":"https:\/\/www.niled.eu\/en\/#organization","name":"NILED","url":"https:\/\/www.niled.eu\/en\/","logo":{"@type":"ImageObject","inLanguage":"en-GB","@id":"https:\/\/www.niled.eu\/en\/#\/schema\/logo\/image\/","url":"https:\/\/www.niled.eu\/wp-content\/uploads\/2017\/10\/logoNILED-02.png","contentUrl":"https:\/\/www.niled.eu\/wp-content\/uploads\/2017\/10\/logoNILED-02.png","width":1627,"height":532,"caption":"NILED"},"image":{"@id":"https:\/\/www.niled.eu\/en\/#\/schema\/logo\/image\/"}}]}},"jetpack_sharing_enabled":true,"_links":{"self":[{"href":"https:\/\/www.niled.eu\/en\/wp-json\/wp\/v2\/pages\/33257"}],"collection":[{"href":"https:\/\/www.niled.eu\/en\/wp-json\/wp\/v2\/pages"}],"about":[{"href":"https:\/\/www.niled.eu\/en\/wp-json\/wp\/v2\/types\/page"}],"author":[{"embeddable":true,"href":"https:\/\/www.niled.eu\/en\/wp-json\/wp\/v2\/users\/2"}],"replies":[{"embeddable":true,"href":"https:\/\/www.niled.eu\/en\/wp-json\/wp\/v2\/comments?post=33257"}],"version-history":[{"count":60,"href":"https:\/\/www.niled.eu\/en\/wp-json\/wp\/v2\/pages\/33257\/revisions"}],"predecessor-version":[{"id":41743,"href":"https:\/\/www.niled.eu\/en\/wp-json\/wp\/v2\/pages\/33257\/revisions\/41743"}],"wp:attachment":[{"href":"https:\/\/www.niled.eu\/en\/wp-json\/wp\/v2\/media?parent=33257"}],"curies":[{"name":"wp","href":"https:\/\/api.w.org\/{rel}","templated":true}]}}