{"id":33251,"date":"2019-11-14T16:12:47","date_gmt":"2019-11-14T15:12:47","guid":{"rendered":"https:\/\/www.niled.eu\/connexions-sur-reseaux-aeriens-nus\/"},"modified":"2024-10-24T17:27:40","modified_gmt":"2024-10-24T15:27:40","slug":"connexions-on-bare-not-insulated-aerial-conductors","status":"publish","type":"page","link":"https:\/\/www.niled.eu\/en\/connexions-on-bare-not-insulated-aerial-conductors\/","title":{"rendered":"Connexions on Bare Main Lines"},"content":{"rendered":"<p>[et_pb_section fb_built=&#8221;1&#8243; _builder_version=&#8221;3.29.3&#8243; background_color=&#8221;#282828&#8243; custom_padding=&#8221;0|0px|2.5px|0px|false|false&#8221;][et_pb_row _builder_version=&#8221;3.25&#8243; custom_padding=&#8221;2px|0px|0px|0px|false|false&#8221;][et_pb_column type=&#8221;4_4&#8243; _builder_version=&#8221;3.25&#8243; custom_padding=&#8221;|||&#8221; custom_padding__hover=&#8221;|||&#8221;][et_pb_text _builder_version=&#8221;3.29.3&#8243; text_font=&#8221;||||||||&#8221; text_text_color=&#8221;#000000&#8243; text_font_size=&#8221;17px&#8221; header_font=&#8221;||||||||&#8221; header_text_color=&#8221;#000000&#8243; header_font_size=&#8221;35px&#8221; header_2_font=&#8221;||||||||&#8221; min_height=&#8221;29px&#8221; custom_margin=&#8221;-4px|||||&#8221; custom_padding=&#8221;8px||0px|||&#8221;]<\/p>\n<h2 style=\"text-align: center;\"><span style=\"color: #ffffff; font-size: large;\">Connexions on Bare Main Lines<\/span><\/h2>\n<p>[\/et_pb_text][\/et_pb_column][\/et_pb_row][\/et_pb_section][et_pb_section fb_built=&#8221;1&#8243; _builder_version=&#8221;3.22&#8243; background_image=&#8221;https:\/\/www.niled.eu\/wp-content\/uploads\/2018\/02\/Photo-NB-image-fonf-rsx-nus-1500&#215;300.jpg&#8221; background_position=&#8221;top_center&#8221; module_alignment=&#8221;center&#8221; custom_margin=&#8221;-7px|||||&#8221; custom_padding=&#8221;24.169998168945312px|0px|9.16998291015625px|0px|false|false&#8221;][et_pb_row column_structure=&#8221;1_4,1_4,1_4,1_4&#8243; use_custom_gutter=&#8221;on&#8221; gutter_width=&#8221;1&#8243; _builder_version=&#8221;3.29.3&#8243; max_width=&#8221;2600px&#8221; module_alignment=&#8221;center&#8221; custom_margin=&#8221;|||20px|false|false&#8221; custom_margin_tablet=&#8221;&#8221; custom_margin_phone=&#8221;|||48px&#8221; custom_margin_last_edited=&#8221;on|desktop&#8221; custom_padding=&#8221;13px|0px|48.339996337890625px|0px|false|false&#8221; use_custom_width=&#8221;on&#8221; custom_width_px=&#8221;2600px&#8221;][et_pb_column type=&#8221;1_4&#8243; _builder_version=&#8221;3.25&#8243; custom_padding=&#8221;|||0px&#8221; custom_padding__hover=&#8221;|||&#8221;][et_pb_image src=&#8221;https:\/\/www.niled.eu\/wp-content\/uploads\/2018\/02\/B1.Connecteurs-\u00e0-serrage-simultan\u00e9.jpg&#8221; url=&#8221;https:\/\/www.niled.eu\/en\/connexions-on-bare-not-insulated-aerial-conductors\/insulated-tap-connectors-for-bare-main-line\/&#8221; align=&#8221;center&#8221; _builder_version=&#8221;3.29.3&#8243; max_width=&#8221;95%&#8221; module_alignment=&#8221;center&#8221; custom_margin=&#8221;20px|||-33px||&#8221; custom_padding=&#8221;|||&#8221; border_radii=&#8221;|10px|10px|10px|10px&#8221; always_center_on_mobile=&#8221;off&#8221;]<\/p>\n<h2 style=\"text-align: center;\"><span style=\"color: #ffffff; font-size: x-large;\">Connexion\u00a0sur r\u00e9seaux a\u00e9riens nus BT<\/span><\/h2>\n<p>[\/et_pb_image][\/et_pb_column][et_pb_column type=&#8221;1_4&#8243; _builder_version=&#8221;3.25&#8243; custom_padding=&#8221;|0px||&#8221; custom_padding__hover=&#8221;|||&#8221;][et_pb_image src=&#8221;https:\/\/www.niled.eu\/wp-content\/uploads\/2018\/02\/B2.Connecteurs-\u00e0-serrages-ind\u00e9pendants.jpg&#8221; url=&#8221;https:\/\/www.niled.eu\/en\/connexions-on-bare-not-insulated-aerial-conductors\/insulated-piercing-connectors-for-not-insulatred-bare-main-line\/&#8221; align=&#8221;center&#8221; _builder_version=&#8221;3.29.3&#8243; parallax=&#8221;on&#8221; max_width=&#8221;98%&#8221; module_alignment=&#8221;left&#8221; custom_margin=&#8221;20px|||8px|false|false&#8221; custom_padding=&#8221;|||12px|false|false&#8221; border_radii=&#8221;|10px|10px|10px|10px&#8221; always_center_on_mobile=&#8221;off&#8221;][\/et_pb_image][\/et_pb_column][et_pb_column type=&#8221;1_4&#8243; _builder_version=&#8221;3.25&#8243; custom_padding=&#8221;|||&#8221; custom_padding__hover=&#8221;|||&#8221;][et_pb_image src=&#8221;https:\/\/www.niled.eu\/wp-content\/uploads\/2018\/02\/B3.Raccords-\u00e0-anneau.jpg&#8221; url=&#8221;https:\/\/www.niled.fr\/catalogue\/Raccords_a_anneaux_CMB_cnu\/&#8221; align_tablet=&#8221;center&#8221; align_phone=&#8221;&#8221; align_last_edited=&#8221;on|desktop&#8221; _builder_version=&#8221;4.5.3&#8243; max_width=&#8221;94%&#8221; custom_margin=&#8221;20px|||12px&#8221; hover_enabled=&#8221;0&#8243; border_radii=&#8221;on|10px|10px|10px|10px&#8221;][\/et_pb_image][\/et_pb_column][et_pb_column type=&#8221;1_4&#8243; _builder_version=&#8221;3.25&#8243; custom_padding=&#8221;|||&#8221; custom_padding__hover=&#8221;|||&#8221;][et_pb_image src=&#8221;https:\/\/www.niled.eu\/wp-content\/uploads\/2018\/02\/B4.Raccords-divers-pour-rsx-nus.jpg&#8221; url=&#8221;https:\/\/www.niled.eu\/en\/connexions-on-bare-not-insulated-aerial-conductors\/paralell-groove-clamps-for-not-insulated-overhead-conductors\/&#8221; align_tablet=&#8221;center&#8221; align_phone=&#8221;&#8221; align_last_edited=&#8221;on|desktop&#8221; _builder_version=&#8221;3.29.3&#8243; max_width=&#8221;96%&#8221; custom_margin=&#8221;20px|2px||12px|false|false&#8221; custom_padding=&#8221;|||2px&#8221; border_radii=&#8221;on|10px|10px|10px|10px&#8221;][\/et_pb_image][\/et_pb_column][\/et_pb_row][\/et_pb_section][et_pb_section fb_built=&#8221;1&#8243; _builder_version=&#8221;3.29.3&#8243; background_color=&#8221;#ffffff&#8221; min_height=&#8221;215px&#8221; custom_margin=&#8221;-1px||||false|false&#8221; custom_padding=&#8221;57px||0px|||&#8221;][et_pb_row _builder_version=&#8221;3.29.3&#8243; custom_margin=&#8221;-54px|auto||auto||&#8221; custom_padding=&#8221;0px||8px|||&#8221;][et_pb_column type=&#8221;4_4&#8243; _builder_version=&#8221;3.29.3&#8243;][et_pb_text _builder_version=&#8221;3.29.3&#8243; text_font=&#8221;|700|||||||&#8221; min_height=&#8221;17px&#8221; custom_margin=&#8221;5px||4px||false|false&#8221; custom_padding=&#8221;0px||18px|||&#8221;]<\/p>\n<h2 style=\"text-align: left;\"><span style=\"font-size: large; color: #d43f05;\">Other product lines:<\/span><\/h2>\n<p>[\/et_pb_text][et_pb_code _builder_version=&#8221;4.0.9&#8243; custom_margin=&#8221;-20px||||false|false&#8221;][\/et_pb_code][\/et_pb_column][\/et_pb_row][\/et_pb_section][et_pb_section fb_built=&#8221;1&#8243; fullwidth=&#8221;on&#8221; disabled_on=&#8221;on|off|off&#8221; _builder_version=&#8221;3.29.3&#8243; use_background_color_gradient=&#8221;on&#8221; background_color_gradient_start=&#8221;#c9c9c9&#8243; background_color_gradient_end=&#8221;#dddddd&#8221; background_color_gradient_direction=&#8221;90deg&#8221; custom_margin=&#8221;-20px||-22px|&#8221; custom_padding=&#8221;0|0px|0|0px|false|false&#8221;][et_pb_fullwidth_header title=&#8221;To know more regarding products ranges and technical characteristics&#8230;&#8221; button_one_text=&#8221;Access to general catalogue&#8221; button_one_url=&#8221;http:\/\/www.niled.fr\/catalogue\/&#8221; header_image_url=&#8221;https:\/\/www.niled.eu\/wp-content\/uploads\/2017\/10\/MockUp-Catalogue.png&#8221; content_max_width=&#8221;82%&#8221; _builder_version=&#8221;3.16&#8243; title_font=&#8221;||||||||&#8221; title_text_align=&#8221;center&#8221; title_font_size=&#8221;17px&#8221; title_line_height=&#8221;1.3em&#8221; content_font=&#8221;||||||||&#8221; content_text_align=&#8221;center&#8221; background_color=&#8221;rgba(255, 255, 255, 0)&#8221; custom_button_one=&#8221;on&#8221; button_one_text_size=&#8221;16px&#8221; button_one_bg_color=&#8221;#ffffff&#8221; button_one_border_width=&#8221;2px&#8221; button_one_border_radius=&#8221;5px&#8221; button_one_font=&#8221;||||||||&#8221; button_one_use_icon=&#8221;off&#8221; background_layout=&#8221;light&#8221; max_width=&#8221;71%&#8221; module_alignment=&#8221;center&#8221; custom_margin=&#8221;15px|50px||80px||&#8221; custom_padding=&#8221;|||34px&#8221; button_one_text_size__hover_enabled=&#8221;off&#8221; button_two_text_size__hover_enabled=&#8221;off&#8221; button_one_text_color__hover_enabled=&#8221;off&#8221; button_two_text_color__hover_enabled=&#8221;off&#8221; button_one_border_width__hover_enabled=&#8221;off&#8221; button_two_border_width__hover_enabled=&#8221;off&#8221; button_one_border_color__hover_enabled=&#8221;off&#8221; button_two_border_color__hover_enabled=&#8221;off&#8221; button_one_border_radius__hover_enabled=&#8221;off&#8221; button_two_border_radius__hover_enabled=&#8221;off&#8221; button_one_letter_spacing__hover_enabled=&#8221;off&#8221; button_two_letter_spacing__hover_enabled=&#8221;off&#8221; button_one_bg_color__hover_enabled=&#8221;off&#8221; button_two_bg_color__hover_enabled=&#8221;off&#8221;][\/et_pb_fullwidth_header][\/et_pb_section][et_pb_section fb_built=&#8221;1&#8243; _builder_version=&#8221;3.29.3&#8243; background_color=&#8221;#000200&#8243; custom_margin=&#8221;-8px|||||&#8221; custom_padding=&#8221;30px||0px||false|false&#8221; transparent_background=&#8221;off&#8221; padding_mobile=&#8221;on&#8221;][et_pb_row column_structure=&#8221;1_3,1_3,1_3&#8243; use_custom_gutter=&#8221;on&#8221; gutter_width=&#8221;2&#8243; column_padding_mobile=&#8221;on&#8221; _builder_version=&#8221;3.25&#8243; background_size=&#8221;initial&#8221; background_position=&#8221;top_left&#8221; background_repeat=&#8221;repeat&#8221; custom_padding=&#8221;5.5px||39px||false|false&#8221;][et_pb_column type=&#8221;1_3&#8243; _builder_version=&#8221;3.0.47&#8243; custom_padding=&#8221;|||&#8221; custom_padding__hover=&#8221;|||&#8221;][et_pb_text _builder_version=&#8221;3.27.4&#8243; text_font=&#8221;Source Sans Pro|on|||&#8221; text_text_color=&#8221;#666666&#8243; text_font_size=&#8221;18&#8243; text_line_height=&#8221;1.4em&#8221; custom_margin=&#8221;||8px|&#8221;]<span style=\"color: #686868; font-size: large;\">COMPANY<\/span>[\/et_pb_text][et_pb_text _builder_version=&#8221;3.29.3&#8243; text_font=&#8221;Source Sans Pro||||&#8221; text_text_color=&#8221;#ffffff&#8221; text_font_size=&#8221;18&#8243; text_line_height=&#8221;2.2em&#8221; custom_padding=&#8221;0px|||&#8221;]<span style=\"color: #ffffff;\"><a style=\"color: #ffffff;\" href=\"https:\/\/www.niled.eu\/en\/product-lines\/\">Products<\/a><\/span><br \/>\n<span style=\"color: #ffffff;\"><a style=\"color: #ffffff;\" href=\"\/?page_id=27675#notresavoirfaire\">Know how<\/a><\/span><br \/>\n<span style=\"color: #ffffff;\"><a style=\"color: #ffffff;\" href=\"https:\/\/www.niled.eu\/en\/join-us\/\">Recruitment<\/a><\/span><br \/>\n<span style=\"color: #ffffff;\"><a style=\"color: #ffffff;\" href=\"http:\/\/www.niled.fr\/catalogue\/\">Catalog<\/a><\/span><br \/>\n<span style=\"color: #ffffff;\"><a style=\"color: #ffffff;\" href=\"https:\/\/www.niled.eu\/en\/contact-us\/\">Contact<\/a><\/span>[\/et_pb_text][\/et_pb_column][et_pb_column type=&#8221;1_3&#8243; _builder_version=&#8221;3.0.47&#8243; custom_padding=&#8221;|||&#8221; custom_padding__hover=&#8221;|||&#8221;][et_pb_text _builder_version=&#8221;3.27.4&#8243; text_font=&#8221;Source Sans Pro|on|||&#8221; text_text_color=&#8221;#666666&#8243; text_font_size=&#8221;18&#8243; text_line_height=&#8221;1.4em&#8221; custom_margin=&#8221;||8px|&#8221;]<\/p>\n<p>ABOUT US<\/p>\n<p>[\/et_pb_text][et_pb_text _builder_version=&#8221;3.27.4&#8243; text_font=&#8221;Source Sans Pro||||&#8221; text_text_color=&#8221;#ffffff&#8221; text_font_size=&#8221;18&#8243; text_line_height=&#8221;2.2em&#8221; custom_padding=&#8221;0px|||&#8221; link_option_url=&#8221;https:\/\/www.niled.eu\/wp-content\/uploads\/2018\/01\/Conditions-G\u00e9n\u00e9rales-de-Vente-2017.pdf&#8221; link_option_url_new_window=&#8221;on&#8221;]<span style=\"color: #ffffff;\"><a style=\"color: #ffffff;\" href=\"https:\/\/www.niled.eu\/mentions-legales\/\">Legal Notice<\/a><\/span><br \/>\n<span style=\"color: #ffffff;\"><a style=\"color: #ffffff;\" href=\"#\">Terms of Sales<\/a><\/span>[\/et_pb_text][et_pb_image src=&#8221;https:\/\/www.niled.eu\/wp-content\/uploads\/2017\/12\/Picto-noir-sur-blanc-monteur-en-haut-de-poteau-x222.jpg&#8221; align_tablet=&#8221;center&#8221; align_phone=&#8221;&#8221; align_last_edited=&#8221;on|desktop&#8221; _builder_version=&#8221;3.23&#8243; max_width=&#8221;180px&#8221; module_alignment=&#8221;left&#8221;][\/et_pb_image][\/et_pb_column][et_pb_column type=&#8221;1_3&#8243; _builder_version=&#8221;3.0.47&#8243; custom_padding=&#8221;|||&#8221; custom_padding__hover=&#8221;|||&#8221;][et_pb_text _builder_version=&#8221;3.27.4&#8243; text_font=&#8221;Source Sans Pro|on|||&#8221; text_text_color=&#8221;#666666&#8243; text_font_size=&#8221;18&#8243; text_line_height=&#8221;1.4em&#8221; custom_margin=&#8221;||24px|&#8221;]<\/p>\n<p>HOW TO FIND US<\/p>\n<p>[\/et_pb_text][et_pb_map address=&#8221;38 Quai de l&#8217;Oise, 60870 Rieux, France&#8221; zoom_level=&#8221;17&#8243; address_lat=&#8221;49.29378&#8243; address_lng=&#8221;2.5131927&#8243; _builder_version=&#8221;3.29.3&#8243; height=&#8221;225px&#8221;][et_pb_map_pin _builder_version=&#8221;3.0.92&#8243;][\/et_pb_map_pin][\/et_pb_map][\/et_pb_column][\/et_pb_row][\/et_pb_section]<\/p>\n","protected":false},"excerpt":{"rendered":"<p>[et_pb_section fb_built=&#8221;1&#8243; _builder_version=&#8221;3.29.3&#8243; background_color=&#8221;#282828&#8243; custom_padding=&#8221;0|0px|2.5px|0px|false|false&#8221;][et_pb_row _builder_version=&#8221;3.25&#8243; custom_padding=&#8221;2px|0px|0px|0px|false|false&#8221;][et_pb_column type=&#8221;4_4&#8243; _builder_version=&#8221;3.25&#8243; custom_padding=&#8221;|||&#8221; custom_padding__hover=&#8221;|||&#8221;][et_pb_text _builder_version=&#8221;3.29.3&#8243; text_font=&#8221;||||||||&#8221; text_text_color=&#8221;#000000&#8243; text_font_size=&#8221;17px&#8221; header_font=&#8221;||||||||&#8221; header_text_color=&#8221;#000000&#8243; header_font_size=&#8221;35px&#8221; header_2_font=&#8221;||||||||&#8221; min_height=&#8221;29px&#8221; custom_margin=&#8221;-4px|||||&#8221; custom_padding=&#8221;8px||0px|||&#8221;] Connexions on Bare Main Lines [\/et_pb_text][\/et_pb_column][\/et_pb_row][\/et_pb_section][et_pb_section fb_built=&#8221;1&#8243; _builder_version=&#8221;3.22&#8243; background_image=&#8221;https:\/\/www.niled.eu\/wp-content\/uploads\/2018\/02\/Photo-NB-image-fonf-rsx-nus-1500&#215;300.jpg&#8221; background_position=&#8221;top_center&#8221; module_alignment=&#8221;center&#8221; custom_margin=&#8221;-7px|||||&#8221; custom_padding=&#8221;24.169998168945312px|0px|9.16998291015625px|0px|false|false&#8221;][et_pb_row column_structure=&#8221;1_4,1_4,1_4,1_4&#8243; use_custom_gutter=&#8221;on&#8221; gutter_width=&#8221;1&#8243; _builder_version=&#8221;3.29.3&#8243; max_width=&#8221;2600px&#8221; module_alignment=&#8221;center&#8221; custom_margin=&#8221;|||20px|false|false&#8221; custom_margin_tablet=&#8221;&#8221; custom_margin_phone=&#8221;|||48px&#8221; custom_margin_last_edited=&#8221;on|desktop&#8221; custom_padding=&#8221;13px|0px|48.339996337890625px|0px|false|false&#8221; use_custom_width=&#8221;on&#8221; custom_width_px=&#8221;2600px&#8221;][et_pb_column type=&#8221;1_4&#8243; _builder_version=&#8221;3.25&#8243; custom_padding=&#8221;|||0px&#8221; custom_padding__hover=&#8221;|||&#8221;][et_pb_image src=&#8221;https:\/\/www.niled.eu\/wp-content\/uploads\/2018\/02\/B1.Connecteurs-\u00e0-serrage-simultan\u00e9.jpg&#8221; url=&#8221;https:\/\/www.niled.eu\/en\/connexions-on-bare-not-insulated-aerial-conductors\/insulated-tap-connectors-for-bare-main-line\/&#8221; align=&#8221;center&#8221; [&hellip;]<\/p>\n","protected":false},"author":2,"featured_media":0,"parent":0,"menu_order":0,"comment_status":"closed","ping_status":"closed","template":"","meta":{"_et_pb_use_builder":"on","_et_pb_old_content":"","_et_gb_content_width":"","footnotes":""},"yoast_head":"<!-- This site is optimized with the Yoast SEO plugin v23.5 - https:\/\/yoast.com\/wordpress\/plugins\/seo\/ -->\n<title>Connexions on Bare Main Lines - Niled<\/title>\n<meta name=\"robots\" content=\"index, follow, max-snippet:-1, max-image-preview:large, max-video-preview:-1\" \/>\n<link rel=\"canonical\" href=\"https:\/\/www.niled.eu\/en\/connexions-on-bare-not-insulated-aerial-conductors\/\" \/>\n<meta property=\"og:locale\" content=\"en_GB\" \/>\n<meta property=\"og:type\" content=\"article\" \/>\n<meta property=\"og:title\" content=\"Connexions on Bare Main Lines - Niled\" \/>\n<meta property=\"og:description\" content=\"[et_pb_section fb_built=&#8221;1&#8243; _builder_version=&#8221;3.29.3&#8243; background_color=&#8221;#282828&#8243; custom_padding=&#8221;0|0px|2.5px|0px|false|false&#8221;][et_pb_row _builder_version=&#8221;3.25&#8243; custom_padding=&#8221;2px|0px|0px|0px|false|false&#8221;][et_pb_column type=&#8221;4_4&#8243; _builder_version=&#8221;3.25&#8243; custom_padding=&#8221;|||&#8221; custom_padding__hover=&#8221;|||&#8221;][et_pb_text _builder_version=&#8221;3.29.3&#8243; text_font=&#8221;||||||||&#8221; text_text_color=&#8221;#000000&#8243; text_font_size=&#8221;17px&#8221; header_font=&#8221;||||||||&#8221; header_text_color=&#8221;#000000&#8243; header_font_size=&#8221;35px&#8221; header_2_font=&#8221;||||||||&#8221; min_height=&#8221;29px&#8221; custom_margin=&#8221;-4px|||||&#8221; custom_padding=&#8221;8px||0px|||&#8221;] Connexions on Bare Main Lines [\/et_pb_text][\/et_pb_column][\/et_pb_row][\/et_pb_section][et_pb_section fb_built=&#8221;1&#8243; _builder_version=&#8221;3.22&#8243; background_image=&#8221;https:\/\/www.niled.eu\/wp-content\/uploads\/2018\/02\/Photo-NB-image-fonf-rsx-nus-1500&#215;300.jpg&#8221; background_position=&#8221;top_center&#8221; module_alignment=&#8221;center&#8221; custom_margin=&#8221;-7px|||||&#8221; custom_padding=&#8221;24.169998168945312px|0px|9.16998291015625px|0px|false|false&#8221;][et_pb_row column_structure=&#8221;1_4,1_4,1_4,1_4&#8243; use_custom_gutter=&#8221;on&#8221; gutter_width=&#8221;1&#8243; _builder_version=&#8221;3.29.3&#8243; max_width=&#8221;2600px&#8221; module_alignment=&#8221;center&#8221; custom_margin=&#8221;|||20px|false|false&#8221; custom_margin_tablet=&#8221;&#8221; custom_margin_phone=&#8221;|||48px&#8221; custom_margin_last_edited=&#8221;on|desktop&#8221; custom_padding=&#8221;13px|0px|48.339996337890625px|0px|false|false&#8221; use_custom_width=&#8221;on&#8221; custom_width_px=&#8221;2600px&#8221;][et_pb_column type=&#8221;1_4&#8243; _builder_version=&#8221;3.25&#8243; custom_padding=&#8221;|||0px&#8221; custom_padding__hover=&#8221;|||&#8221;][et_pb_image src=&#8221;https:\/\/www.niled.eu\/wp-content\/uploads\/2018\/02\/B1.Connecteurs-\u00e0-serrage-simultan\u00e9.jpg&#8221; url=&#8221;https:\/\/www.niled.eu\/en\/connexions-on-bare-not-insulated-aerial-conductors\/insulated-tap-connectors-for-bare-main-line\/&#8221; align=&#8221;center&#8221; [&hellip;]\" \/>\n<meta property=\"og:url\" content=\"https:\/\/www.niled.eu\/en\/connexions-on-bare-not-insulated-aerial-conductors\/\" \/>\n<meta property=\"og:site_name\" content=\"Niled\" \/>\n<meta property=\"article:modified_time\" content=\"2024-10-24T15:27:40+00:00\" \/>\n<meta name=\"twitter:card\" content=\"summary_large_image\" \/>\n<meta name=\"twitter:label1\" content=\"Estimated reading time\" \/>\n\t<meta name=\"twitter:data1\" content=\"6 minutes\" \/>\n<script type=\"application\/ld+json\" class=\"yoast-schema-graph\">{\"@context\":\"https:\/\/schema.org\",\"@graph\":[{\"@type\":\"WebPage\",\"@id\":\"https:\/\/www.niled.eu\/en\/connexions-on-bare-not-insulated-aerial-conductors\/\",\"url\":\"https:\/\/www.niled.eu\/en\/connexions-on-bare-not-insulated-aerial-conductors\/\",\"name\":\"Connexions on Bare Main Lines - Niled\",\"isPartOf\":{\"@id\":\"https:\/\/www.niled.eu\/en\/#website\"},\"datePublished\":\"2019-11-14T15:12:47+00:00\",\"dateModified\":\"2024-10-24T15:27:40+00:00\",\"breadcrumb\":{\"@id\":\"https:\/\/www.niled.eu\/en\/connexions-on-bare-not-insulated-aerial-conductors\/#breadcrumb\"},\"inLanguage\":\"en-GB\",\"potentialAction\":[{\"@type\":\"ReadAction\",\"target\":[\"https:\/\/www.niled.eu\/en\/connexions-on-bare-not-insulated-aerial-conductors\/\"]}]},{\"@type\":\"BreadcrumbList\",\"@id\":\"https:\/\/www.niled.eu\/en\/connexions-on-bare-not-insulated-aerial-conductors\/#breadcrumb\",\"itemListElement\":[{\"@type\":\"ListItem\",\"position\":1,\"name\":\"Accueil\",\"item\":\"https:\/\/www.niled.eu\/en\/\"},{\"@type\":\"ListItem\",\"position\":2,\"name\":\"Connexions on Bare Main Lines\"}]},{\"@type\":\"WebSite\",\"@id\":\"https:\/\/www.niled.eu\/en\/#website\",\"url\":\"https:\/\/www.niled.eu\/en\/\",\"name\":\"Niled\",\"description\":\"Fabricant de mat\u00e9riels pour r\u00e9seaux \u00e9lectriques\",\"publisher\":{\"@id\":\"https:\/\/www.niled.eu\/en\/#organization\"},\"potentialAction\":[{\"@type\":\"SearchAction\",\"target\":{\"@type\":\"EntryPoint\",\"urlTemplate\":\"https:\/\/www.niled.eu\/en\/?s={search_term_string}\"},\"query-input\":{\"@type\":\"PropertyValueSpecification\",\"valueRequired\":true,\"valueName\":\"search_term_string\"}}],\"inLanguage\":\"en-GB\"},{\"@type\":\"Organization\",\"@id\":\"https:\/\/www.niled.eu\/en\/#organization\",\"name\":\"NILED\",\"url\":\"https:\/\/www.niled.eu\/en\/\",\"logo\":{\"@type\":\"ImageObject\",\"inLanguage\":\"en-GB\",\"@id\":\"https:\/\/www.niled.eu\/en\/#\/schema\/logo\/image\/\",\"url\":\"https:\/\/www.niled.eu\/wp-content\/uploads\/2017\/10\/logoNILED-02.png\",\"contentUrl\":\"https:\/\/www.niled.eu\/wp-content\/uploads\/2017\/10\/logoNILED-02.png\",\"width\":1627,\"height\":532,\"caption\":\"NILED\"},\"image\":{\"@id\":\"https:\/\/www.niled.eu\/en\/#\/schema\/logo\/image\/\"}}]}<\/script>\n<!-- \/ Yoast SEO plugin. -->","yoast_head_json":{"title":"Connexions on Bare Main Lines - Niled","robots":{"index":"index","follow":"follow","max-snippet":"max-snippet:-1","max-image-preview":"max-image-preview:large","max-video-preview":"max-video-preview:-1"},"canonical":"https:\/\/www.niled.eu\/en\/connexions-on-bare-not-insulated-aerial-conductors\/","og_locale":"en_GB","og_type":"article","og_title":"Connexions on Bare Main Lines - Niled","og_description":"[et_pb_section fb_built=&#8221;1&#8243; _builder_version=&#8221;3.29.3&#8243; background_color=&#8221;#282828&#8243; custom_padding=&#8221;0|0px|2.5px|0px|false|false&#8221;][et_pb_row _builder_version=&#8221;3.25&#8243; custom_padding=&#8221;2px|0px|0px|0px|false|false&#8221;][et_pb_column type=&#8221;4_4&#8243; _builder_version=&#8221;3.25&#8243; custom_padding=&#8221;|||&#8221; custom_padding__hover=&#8221;|||&#8221;][et_pb_text _builder_version=&#8221;3.29.3&#8243; text_font=&#8221;||||||||&#8221; text_text_color=&#8221;#000000&#8243; text_font_size=&#8221;17px&#8221; header_font=&#8221;||||||||&#8221; header_text_color=&#8221;#000000&#8243; header_font_size=&#8221;35px&#8221; header_2_font=&#8221;||||||||&#8221; min_height=&#8221;29px&#8221; custom_margin=&#8221;-4px|||||&#8221; custom_padding=&#8221;8px||0px|||&#8221;] Connexions on Bare Main Lines [\/et_pb_text][\/et_pb_column][\/et_pb_row][\/et_pb_section][et_pb_section fb_built=&#8221;1&#8243; _builder_version=&#8221;3.22&#8243; background_image=&#8221;https:\/\/www.niled.eu\/wp-content\/uploads\/2018\/02\/Photo-NB-image-fonf-rsx-nus-1500&#215;300.jpg&#8221; background_position=&#8221;top_center&#8221; module_alignment=&#8221;center&#8221; custom_margin=&#8221;-7px|||||&#8221; custom_padding=&#8221;24.169998168945312px|0px|9.16998291015625px|0px|false|false&#8221;][et_pb_row column_structure=&#8221;1_4,1_4,1_4,1_4&#8243; use_custom_gutter=&#8221;on&#8221; gutter_width=&#8221;1&#8243; _builder_version=&#8221;3.29.3&#8243; max_width=&#8221;2600px&#8221; module_alignment=&#8221;center&#8221; custom_margin=&#8221;|||20px|false|false&#8221; custom_margin_tablet=&#8221;&#8221; custom_margin_phone=&#8221;|||48px&#8221; custom_margin_last_edited=&#8221;on|desktop&#8221; custom_padding=&#8221;13px|0px|48.339996337890625px|0px|false|false&#8221; use_custom_width=&#8221;on&#8221; custom_width_px=&#8221;2600px&#8221;][et_pb_column type=&#8221;1_4&#8243; _builder_version=&#8221;3.25&#8243; custom_padding=&#8221;|||0px&#8221; custom_padding__hover=&#8221;|||&#8221;][et_pb_image src=&#8221;https:\/\/www.niled.eu\/wp-content\/uploads\/2018\/02\/B1.Connecteurs-\u00e0-serrage-simultan\u00e9.jpg&#8221; url=&#8221;https:\/\/www.niled.eu\/en\/connexions-on-bare-not-insulated-aerial-conductors\/insulated-tap-connectors-for-bare-main-line\/&#8221; align=&#8221;center&#8221; [&hellip;]","og_url":"https:\/\/www.niled.eu\/en\/connexions-on-bare-not-insulated-aerial-conductors\/","og_site_name":"Niled","article_modified_time":"2024-10-24T15:27:40+00:00","twitter_card":"summary_large_image","twitter_misc":{"Estimated reading time":"6 minutes"},"schema":{"@context":"https:\/\/schema.org","@graph":[{"@type":"WebPage","@id":"https:\/\/www.niled.eu\/en\/connexions-on-bare-not-insulated-aerial-conductors\/","url":"https:\/\/www.niled.eu\/en\/connexions-on-bare-not-insulated-aerial-conductors\/","name":"Connexions on Bare Main Lines - Niled","isPartOf":{"@id":"https:\/\/www.niled.eu\/en\/#website"},"datePublished":"2019-11-14T15:12:47+00:00","dateModified":"2024-10-24T15:27:40+00:00","breadcrumb":{"@id":"https:\/\/www.niled.eu\/en\/connexions-on-bare-not-insulated-aerial-conductors\/#breadcrumb"},"inLanguage":"en-GB","potentialAction":[{"@type":"ReadAction","target":["https:\/\/www.niled.eu\/en\/connexions-on-bare-not-insulated-aerial-conductors\/"]}]},{"@type":"BreadcrumbList","@id":"https:\/\/www.niled.eu\/en\/connexions-on-bare-not-insulated-aerial-conductors\/#breadcrumb","itemListElement":[{"@type":"ListItem","position":1,"name":"Accueil","item":"https:\/\/www.niled.eu\/en\/"},{"@type":"ListItem","position":2,"name":"Connexions on Bare Main Lines"}]},{"@type":"WebSite","@id":"https:\/\/www.niled.eu\/en\/#website","url":"https:\/\/www.niled.eu\/en\/","name":"Niled","description":"Fabricant de mat\u00e9riels pour r\u00e9seaux \u00e9lectriques","publisher":{"@id":"https:\/\/www.niled.eu\/en\/#organization"},"potentialAction":[{"@type":"SearchAction","target":{"@type":"EntryPoint","urlTemplate":"https:\/\/www.niled.eu\/en\/?s={search_term_string}"},"query-input":{"@type":"PropertyValueSpecification","valueRequired":true,"valueName":"search_term_string"}}],"inLanguage":"en-GB"},{"@type":"Organization","@id":"https:\/\/www.niled.eu\/en\/#organization","name":"NILED","url":"https:\/\/www.niled.eu\/en\/","logo":{"@type":"ImageObject","inLanguage":"en-GB","@id":"https:\/\/www.niled.eu\/en\/#\/schema\/logo\/image\/","url":"https:\/\/www.niled.eu\/wp-content\/uploads\/2017\/10\/logoNILED-02.png","contentUrl":"https:\/\/www.niled.eu\/wp-content\/uploads\/2017\/10\/logoNILED-02.png","width":1627,"height":532,"caption":"NILED"},"image":{"@id":"https:\/\/www.niled.eu\/en\/#\/schema\/logo\/image\/"}}]}},"jetpack_sharing_enabled":true,"_links":{"self":[{"href":"https:\/\/www.niled.eu\/en\/wp-json\/wp\/v2\/pages\/33251"}],"collection":[{"href":"https:\/\/www.niled.eu\/en\/wp-json\/wp\/v2\/pages"}],"about":[{"href":"https:\/\/www.niled.eu\/en\/wp-json\/wp\/v2\/types\/page"}],"author":[{"embeddable":true,"href":"https:\/\/www.niled.eu\/en\/wp-json\/wp\/v2\/users\/2"}],"replies":[{"embeddable":true,"href":"https:\/\/www.niled.eu\/en\/wp-json\/wp\/v2\/comments?post=33251"}],"version-history":[{"count":14,"href":"https:\/\/www.niled.eu\/en\/wp-json\/wp\/v2\/pages\/33251\/revisions"}],"predecessor-version":[{"id":41691,"href":"https:\/\/www.niled.eu\/en\/wp-json\/wp\/v2\/pages\/33251\/revisions\/41691"}],"wp:attachment":[{"href":"https:\/\/www.niled.eu\/en\/wp-json\/wp\/v2\/media?parent=33251"}],"curies":[{"name":"wp","href":"https:\/\/api.w.org\/{rel}","templated":true}]}}